{"id":425,"date":"2024-05-29T10:46:17","date_gmt":"2024-05-29T10:46:17","guid":{"rendered":"https:\/\/ainoraivio.fi\/?page_id=425"},"modified":"2024-10-24T09:38:19","modified_gmt":"2024-10-24T09:38:19","slug":"kundenbewertung","status":"publish","type":"page","link":"https:\/\/ainoraivio.fi\/index.php\/deutsch\/kundenbewertung\/","title":{"rendered":"Kundenbewertung"},"content":{"rendered":"\n<div class=\"wp-block-group is-content-justification-center is-nowrap is-layout-flex wp-container-core-group-is-layout-e132ec16 wp-block-group-is-layout-flex\" style=\"margin-top:var(--wp--preset--spacing--20);margin-bottom:var(--wp--preset--spacing--20)\">\n<figure class=\"wp-block-image size-full is-resized has-custom-border\"><img loading=\"lazy\" decoding=\"async\" width=\"803\" height=\"803\" src=\"https:\/\/ainoraivio.fi\/wp-content\/uploads\/2024\/10\/jekku2-edited-2.jpg\" alt=\"\" class=\"wp-image-599\" style=\"border-radius:100px;width:422px;height:auto\" srcset=\"https:\/\/ainoraivio.fi\/wp-content\/uploads\/2024\/10\/jekku2-edited-2.jpg 803w, https:\/\/ainoraivio.fi\/wp-content\/uploads\/2024\/10\/jekku2-edited-2-300x300.jpg 300w, https:\/\/ainoraivio.fi\/wp-content\/uploads\/2024\/10\/jekku2-edited-2-150x150.jpg 150w, https:\/\/ainoraivio.fi\/wp-content\/uploads\/2024\/10\/jekku2-edited-2-768x768.jpg 768w\" sizes=\"auto, (max-width: 803px) 100vw, 803px\" \/><\/figure>\n\n\n\n<details class=\"wp-block-details has-heading-font-family has-large-font-size wp-container-content-885d38d7 is-layout-flow wp-container-core-details-is-layout-ad1dd0fc wp-block-details-is-layout-flow\" style=\"padding-right:var(--wp--preset--spacing--10);padding-left:var(--wp--preset--spacing--10)\"><summary>Jaana, Minna &amp; J\u00f6kull fr\u00e1 Nevala &#8221;Jekku&#8221;<\/summary>\n<p><\/p>\n\n\n\n<p class=\"has-body-font-family has-medium-font-size\" style=\"padding-top:var(--wp--preset--spacing--10)\">Dank Ainos Training hat sich unser Islandpferd Jekku, das wir ebenfalls besitzen, zu einem ehrlichen und umg\u00e4nglichen Pferd f\u00fcr zuk\u00fcnftige Reitstunden entwickelt. Wir Besitzer bekommen gute, klare Anweisungen und wenn wir Fragen haben, hat Aino eine Antwort f\u00fcr uns. Aino ist ein umg\u00e4nglicher, ruhiger und entschlossener Profi. Ich kann Aino nur w\u00e4rmstens empfehlen! -Jaana<\/p>\n\n\n\n<p class=\"has-body-font-family has-medium-font-size\" style=\"padding-top:var(--wp--preset--spacing--20)\">Ich bin so froh, dass wir Aino gefunden haben, um unser Miteigentum und ein etwas anspruchsvolles Islandpferd auszubilden. Aino hat zielstrebig und sanft gearbeitet und bringt uns Besitzern mit Begeisterung bei, wie wir mit unserem Pferd arbeiten k\u00f6nnen. Aino ist ein Superprofi! -Minna<\/p>\n\n\n\n<p class=\"has-text-align-center has-body-font-family has-small-font-size\"><em><strong>aus dem Finnischen \u00fcbersetzt<\/strong><\/em><\/p>\n\n\n\n<p class=\"has-text-align-center has-body-font-family has-small-font-size\"><\/p>\n\n\n\n<p class=\"has-text-align-center has-body-font-family has-small-font-size\"><\/p>\n\n\n\n<p class=\"has-base-2-color has-text-color has-link-color wp-elements-b3c78daeed178b6c15a31b14dd5cfd44\">..<\/p>\n\n\n\n<div class=\"wp-block-group is-content-justification-left is-layout-flex wp-container-core-group-is-layout-bc8e6f51 wp-block-group-is-layout-flex\">\n<figure class=\"wp-block-image size-large is-resized has-custom-border\"><img loading=\"lazy\" decoding=\"async\" width=\"1024\" height=\"1024\" src=\"https:\/\/ainoraivio.fi\/wp-content\/uploads\/2024\/10\/20240806_151255-1024x1024.jpg\" alt=\"\" class=\"wp-image-602\" style=\"border-style:none;border-width:0px;border-radius:100px;width:450px\" srcset=\"https:\/\/ainoraivio.fi\/wp-content\/uploads\/2024\/10\/20240806_151255-1024x1024.jpg 1024w, https:\/\/ainoraivio.fi\/wp-content\/uploads\/2024\/10\/20240806_151255-300x300.jpg 300w, https:\/\/ainoraivio.fi\/wp-content\/uploads\/2024\/10\/20240806_151255-150x150.jpg 150w, https:\/\/ainoraivio.fi\/wp-content\/uploads\/2024\/10\/20240806_151255-768x768.jpg 768w, https:\/\/ainoraivio.fi\/wp-content\/uploads\/2024\/10\/20240806_151255-1536x1536.jpg 1536w, https:\/\/ainoraivio.fi\/wp-content\/uploads\/2024\/10\/20240806_151255-2048x2048.jpg 2048w\" sizes=\"auto, (max-width: 1024px) 100vw, 1024px\" \/><\/figure>\n\n\n\n<figure class=\"wp-block-image size-full is-resized has-custom-border\"><img loading=\"lazy\" decoding=\"async\" width=\"453\" height=\"453\" src=\"https:\/\/ainoraivio.fi\/wp-content\/uploads\/2024\/10\/jekku4-edited.png\" alt=\"\" class=\"wp-image-601\" style=\"border-radius:100px;width:450px\" srcset=\"https:\/\/ainoraivio.fi\/wp-content\/uploads\/2024\/10\/jekku4-edited.png 453w, https:\/\/ainoraivio.fi\/wp-content\/uploads\/2024\/10\/jekku4-edited-300x300.png 300w, https:\/\/ainoraivio.fi\/wp-content\/uploads\/2024\/10\/jekku4-edited-150x150.png 150w\" sizes=\"auto, (max-width: 453px) 100vw, 453px\" \/><\/figure>\n<\/div>\n<\/details>\n<\/div>\n\n\n\n<div class=\"wp-block-group is-content-justification-center is-nowrap is-layout-flex wp-container-core-group-is-layout-e132ec16 wp-block-group-is-layout-flex\" style=\"margin-top:var(--wp--preset--spacing--20);margin-bottom:var(--wp--preset--spacing--20)\">\n<figure class=\"wp-block-image size-full is-resized has-custom-border\"><img loading=\"lazy\" decoding=\"async\" width=\"534\" height=\"534\" src=\"https:\/\/ainoraivio.fi\/wp-content\/uploads\/2024\/10\/20240723_1236372-edited.jpg\" alt=\"\" class=\"wp-image-588\" style=\"border-radius:100px;width:422px;height:auto\" srcset=\"https:\/\/ainoraivio.fi\/wp-content\/uploads\/2024\/10\/20240723_1236372-edited.jpg 534w, https:\/\/ainoraivio.fi\/wp-content\/uploads\/2024\/10\/20240723_1236372-edited-300x300.jpg 300w, https:\/\/ainoraivio.fi\/wp-content\/uploads\/2024\/10\/20240723_1236372-edited-150x150.jpg 150w\" sizes=\"auto, (max-width: 534px) 100vw, 534px\" \/><\/figure>\n\n\n\n<details class=\"wp-block-details has-heading-font-family has-large-font-size wp-container-content-885d38d7 is-layout-flow wp-container-core-details-is-layout-ad1dd0fc wp-block-details-is-layout-flow\" style=\"padding-right:var(--wp--preset--spacing--10);padding-left:var(--wp--preset--spacing--10)\"><summary>Teija, Stall Furuvatni<\/summary>\n<p class=\"has-body-font-family has-medium-font-size\" style=\"padding-top:var(--wp--preset--spacing--20);padding-bottom:var(--wp--preset--spacing--20)\">Aino hat wunderbare Arbeit mit den Kundenpferden unseres Stalles geleistet. Sie hat ihnen geholfen, sich besser zu bewegen und Entspannung und Reaktionsf\u00e4higkeit f\u00fcr ihre Arbeit zu finden. Ich bin sehr dankbar!<\/p>\n\n\n\n<p class=\"has-text-align-center has-body-font-family has-small-font-size\"><em><strong>aus dem Finnischen \u00fcbersetzt<\/strong><\/em><\/p>\n\n\n\n<p class=\"has-text-align-center has-body-font-family has-small-font-size\"><\/p>\n\n\n\n<p class=\"has-text-align-center has-body-font-family has-small-font-size\"><\/p>\n\n\n\n<p class=\"has-base-2-color has-text-color has-link-color wp-elements-b3c78daeed178b6c15a31b14dd5cfd44\">..<\/p>\n\n\n\n<div class=\"wp-block-group is-content-justification-left is-layout-flex wp-container-core-group-is-layout-bc8e6f51 wp-block-group-is-layout-flex\">\n<figure class=\"wp-block-image size-large is-resized has-custom-border\"><img loading=\"lazy\" decoding=\"async\" width=\"2024\" height=\"2024\" src=\"https:\/\/ainoraivio.fi\/wp-content\/uploads\/2024\/10\/20240705_113134-edited.jpg\" alt=\"\" class=\"wp-image-597\" style=\"border-radius:100px;object-fit:cover;width:450px;height:450px\" srcset=\"https:\/\/ainoraivio.fi\/wp-content\/uploads\/2024\/10\/20240705_113134-edited.jpg 2024w, https:\/\/ainoraivio.fi\/wp-content\/uploads\/2024\/10\/20240705_113134-edited-300x300.jpg 300w, https:\/\/ainoraivio.fi\/wp-content\/uploads\/2024\/10\/20240705_113134-edited-1024x1024.jpg 1024w, https:\/\/ainoraivio.fi\/wp-content\/uploads\/2024\/10\/20240705_113134-edited-150x150.jpg 150w, https:\/\/ainoraivio.fi\/wp-content\/uploads\/2024\/10\/20240705_113134-edited-768x768.jpg 768w, https:\/\/ainoraivio.fi\/wp-content\/uploads\/2024\/10\/20240705_113134-edited-1536x1536.jpg 1536w\" sizes=\"auto, (max-width: 2024px) 100vw, 2024px\" \/><\/figure>\n\n\n\n<figure class=\"wp-block-image size-large is-resized has-custom-border\"><img loading=\"lazy\" decoding=\"async\" width=\"1024\" height=\"782\" src=\"https:\/\/ainoraivio.fi\/wp-content\/uploads\/2024\/10\/papu2-1024x782.png\" alt=\"\" class=\"wp-image-598\" style=\"border-radius:100px;object-fit:cover;width:450px;height:450px\" srcset=\"https:\/\/ainoraivio.fi\/wp-content\/uploads\/2024\/10\/papu2-1024x782.png 1024w, https:\/\/ainoraivio.fi\/wp-content\/uploads\/2024\/10\/papu2-300x229.png 300w, https:\/\/ainoraivio.fi\/wp-content\/uploads\/2024\/10\/papu2-768x587.png 768w, https:\/\/ainoraivio.fi\/wp-content\/uploads\/2024\/10\/papu2.png 1059w\" sizes=\"auto, (max-width: 1024px) 100vw, 1024px\" \/><\/figure>\n<\/div>\n<\/details>\n<\/div>\n\n\n\n<div class=\"wp-block-group is-content-justification-center is-nowrap is-layout-flex wp-container-core-group-is-layout-e132ec16 wp-block-group-is-layout-flex\" style=\"margin-top:var(--wp--preset--spacing--20);margin-bottom:var(--wp--preset--spacing--20)\">\n<figure class=\"wp-block-image size-full is-resized has-custom-border\"><img loading=\"lazy\" decoding=\"async\" width=\"477\" height=\"512\" src=\"https:\/\/ainoraivio.fi\/wp-content\/uploads\/2024\/10\/jomppa.png\" alt=\"\" class=\"wp-image-594\" style=\"border-radius:100px;width:422px;height:auto\" srcset=\"https:\/\/ainoraivio.fi\/wp-content\/uploads\/2024\/10\/jomppa.png 477w, https:\/\/ainoraivio.fi\/wp-content\/uploads\/2024\/10\/jomppa-279x300.png 279w\" sizes=\"auto, (max-width: 477px) 100vw, 477px\" \/><\/figure>\n\n\n\n<details class=\"wp-block-details has-heading-font-family has-large-font-size wp-container-content-885d38d7 is-layout-flow wp-container-core-details-is-layout-ad1dd0fc wp-block-details-is-layout-flow\" style=\"padding-right:var(--wp--preset--spacing--10);padding-left:var(--wp--preset--spacing--10)\"><summary>Anne &amp; J\u00f3n fr\u00e1 Nevala &#8221;Jomppa&#8221;<\/summary>\n<p class=\"has-body-font-family has-medium-font-size\" style=\"padding-top:var(--wp--preset--spacing--20);padding-bottom:var(--wp--preset--spacing--20)\">Unser wunderbares Wanderpferd ist mittlerweile sehr nett und motiviert, auch in der Arena mit ihm zu arbeiten. Durch Ainos Training hat er begonnen, mit sehr leichten Hilfen zu arbeiten. Ich habe auch gute Anweisungen und Einblicke in mein Reiten erhalten. W\u00e4rmste Empfehlung!<\/p>\n\n\n\n<p class=\"has-text-align-center has-body-font-family has-small-font-size\"><em><strong>aus dem Finnischen \u00fcbersetzt<\/strong><\/em><\/p>\n\n\n\n<p class=\"has-text-align-center has-body-font-family has-small-font-size\"><\/p>\n\n\n\n<p class=\"has-base-2-color has-text-color has-link-color wp-elements-b3c78daeed178b6c15a31b14dd5cfd44\">..<\/p>\n\n\n\n<div class=\"wp-block-group is-content-justification-left is-layout-flex wp-container-core-group-is-layout-bc8e6f51 wp-block-group-is-layout-flex\"><\/div>\n<\/details>\n<\/div>\n\n\n\n<div class=\"wp-block-group is-content-justification-center is-nowrap is-layout-flex wp-container-core-group-is-layout-e132ec16 wp-block-group-is-layout-flex\" style=\"margin-top:var(--wp--preset--spacing--20);margin-bottom:var(--wp--preset--spacing--20)\">\n<figure class=\"wp-block-image size-large is-resized has-custom-border\"><img loading=\"lazy\" decoding=\"async\" width=\"1109\" height=\"1110\" src=\"https:\/\/ainoraivio.fi\/wp-content\/uploads\/2024\/05\/ivy3-edited.jpg\" alt=\"\" class=\"wp-image-409\" style=\"border-radius:100px;width:422px;height:auto\" srcset=\"https:\/\/ainoraivio.fi\/wp-content\/uploads\/2024\/05\/ivy3-edited.jpg 1109w, https:\/\/ainoraivio.fi\/wp-content\/uploads\/2024\/05\/ivy3-edited-300x300.jpg 300w, https:\/\/ainoraivio.fi\/wp-content\/uploads\/2024\/05\/ivy3-edited-1024x1024.jpg 1024w, https:\/\/ainoraivio.fi\/wp-content\/uploads\/2024\/05\/ivy3-edited-150x150.jpg 150w, https:\/\/ainoraivio.fi\/wp-content\/uploads\/2024\/05\/ivy3-edited-768x769.jpg 768w\" sizes=\"auto, (max-width: 1109px) 100vw, 1109px\" \/><\/figure>\n\n\n\n<details class=\"wp-block-details has-heading-font-family has-large-font-size wp-container-content-885d38d7 is-layout-flow wp-container-core-details-is-layout-ad1dd0fc wp-block-details-is-layout-flow\" style=\"padding-right:var(--wp--preset--spacing--10);padding-left:var(--wp--preset--spacing--10)\"><summary>Ivy-Marie &amp; Heavens-Baelfire<\/summary>\n<p class=\"has-body-font-family has-medium-font-size\">Liebe Aino,<\/p>\n\n\n\n<p class=\"has-body-font-family has-medium-font-size\">es ist f\u00fcr mich und mein 6 j\u00e4hrigen Wallach, Heavens-Baelfire, eine Freude in Deinen sehr freundlichen, intensiven und lehrreihen Stunden verstehen zu lernen, warum wir so reiten, wie wir reiten und wie sch\u00f6n, einfach und fein das sein kann.<\/p>\n\n\n\n<p class=\"has-body-font-family has-medium-font-size\">Vor drei Jahren hast du mir geholfen aus meinem, damaligen 3 j\u00e4hrigen rohen Pferd, ein Reitpferd zu machen. Angefangen mit der Boden- und Longenarbeit, welche du ihm sowie mir liebevoll jedoch konsequent beigebracht hast. Und ein Jahr sp\u00e4ter sind wir ans Reiten gegangen, mit der selben liebevollen, ruhigen und konsequenten Art. Ich kann mir keine bessere Reitlehrerin vorstellen. Du geht individuell auf den Charakter und den Entwicklungsstand von Pferd und Reiter ein und f\u00f6rderst diesen. Au\u00dferdem stehst du einem bei jedem kleinen und gro\u00dfen Probelm zur Seite und versuchst sie im Sinne der Pferde zu l\u00f6sen.<\/p>\n\n\n\n<p class=\"has-body-font-family has-medium-font-size\">Ich hoffe auf weitere interessante und spannende Stunden mit dir.&nbsp;<\/p>\n\n\n\n<p class=\"has-base-2-color has-text-color has-link-color wp-elements-b3c78daeed178b6c15a31b14dd5cfd44\">..<\/p>\n\n\n\n<div class=\"wp-block-group is-content-justification-left is-layout-flex wp-container-core-group-is-layout-bc8e6f51 wp-block-group-is-layout-flex\">\n<figure class=\"wp-block-image size-large is-resized has-custom-border\"><img loading=\"lazy\" decoding=\"async\" width=\"1536\" height=\"1152\" src=\"https:\/\/ainoraivio.fi\/wp-content\/uploads\/2024\/05\/ivy2-edited.jpg\" alt=\"\" class=\"wp-image-411\" style=\"border-radius:100px;aspect-ratio:1;object-fit:cover;width:auto;height:450px\" srcset=\"https:\/\/ainoraivio.fi\/wp-content\/uploads\/2024\/05\/ivy2-edited.jpg 1536w, https:\/\/ainoraivio.fi\/wp-content\/uploads\/2024\/05\/ivy2-edited-300x225.jpg 300w, https:\/\/ainoraivio.fi\/wp-content\/uploads\/2024\/05\/ivy2-edited-1024x768.jpg 1024w, https:\/\/ainoraivio.fi\/wp-content\/uploads\/2024\/05\/ivy2-edited-768x576.jpg 768w\" sizes=\"auto, (max-width: 1536px) 100vw, 1536px\" \/><\/figure>\n\n\n\n<figure class=\"wp-block-image size-large is-resized has-custom-border\"><img loading=\"lazy\" decoding=\"async\" width=\"697\" height=\"1024\" src=\"https:\/\/ainoraivio.fi\/wp-content\/uploads\/2024\/05\/ivy1-697x1024.jpg\" alt=\"\" class=\"wp-image-412\" style=\"border-radius:100px;object-fit:cover;width:320px;height:450px\" srcset=\"https:\/\/ainoraivio.fi\/wp-content\/uploads\/2024\/05\/ivy1-697x1024.jpg 697w, https:\/\/ainoraivio.fi\/wp-content\/uploads\/2024\/05\/ivy1-204x300.jpg 204w, https:\/\/ainoraivio.fi\/wp-content\/uploads\/2024\/05\/ivy1-768x1128.jpg 768w, https:\/\/ainoraivio.fi\/wp-content\/uploads\/2024\/05\/ivy1-1045x1536.jpg 1045w, https:\/\/ainoraivio.fi\/wp-content\/uploads\/2024\/05\/ivy1.jpg 1089w\" sizes=\"auto, (max-width: 697px) 100vw, 697px\" \/><\/figure>\n<\/div>\n<\/details>\n<\/div>\n\n\n\n<div class=\"wp-block-group is-content-justification-center is-nowrap is-layout-flex wp-container-core-group-is-layout-e132ec16 wp-block-group-is-layout-flex\" style=\"margin-top:var(--wp--preset--spacing--20);margin-bottom:var(--wp--preset--spacing--20)\">\n<figure class=\"wp-block-image size-large is-resized has-custom-border\"><img loading=\"lazy\" decoding=\"async\" width=\"2560\" height=\"2560\" src=\"https:\/\/ainoraivio.fi\/wp-content\/uploads\/2024\/05\/IMG_1360-edited-scaled.jpg\" alt=\"\" class=\"wp-image-407\" style=\"border-radius:100px;width:422px;height:auto\" srcset=\"https:\/\/ainoraivio.fi\/wp-content\/uploads\/2024\/05\/IMG_1360-edited-scaled.jpg 2560w, https:\/\/ainoraivio.fi\/wp-content\/uploads\/2024\/05\/IMG_1360-edited-300x300.jpg 300w, https:\/\/ainoraivio.fi\/wp-content\/uploads\/2024\/05\/IMG_1360-edited-1024x1024.jpg 1024w, https:\/\/ainoraivio.fi\/wp-content\/uploads\/2024\/05\/IMG_1360-edited-150x150.jpg 150w, https:\/\/ainoraivio.fi\/wp-content\/uploads\/2024\/05\/IMG_1360-edited-768x768.jpg 768w, https:\/\/ainoraivio.fi\/wp-content\/uploads\/2024\/05\/IMG_1360-edited-1536x1536.jpg 1536w, https:\/\/ainoraivio.fi\/wp-content\/uploads\/2024\/05\/IMG_1360-edited-2048x2048.jpg 2048w\" sizes=\"auto, (max-width: 2560px) 100vw, 2560px\" \/><\/figure>\n\n\n\n<details class=\"wp-block-details has-heading-font-family has-large-font-size wp-container-content-885d38d7 is-layout-flow wp-container-core-details-is-layout-ad1dd0fc wp-block-details-is-layout-flow\" style=\"padding-right:var(--wp--preset--spacing--10);padding-left:var(--wp--preset--spacing--10)\"><summary>Lea &amp; Catch me if you can&#8221;Baby Liebling&#8221;<\/summary>\n<p class=\"has-body-font-family has-medium-font-size\">Meine Mutter hatte Aino schon mehrere Jahre als Trainerin mit ihrem Traber und wir sind beide immer sehr begeistert gewesen von ihrer Arbeit mit dem Pferden und den Menschen. Vor einem Jahr wollte ich mir dann den Traum vom eigenen Pferd erf\u00fcllen und entschloss mich einen J\u00e4hrlingshengst zu kaufen, allerdings habe ich mich das ohne Jungpferde Erfahrung nur getraut, weil ich wusste, dass ich Aino an meiner Seite haben werde. Sie arbeitet nun seid mehreren Monaten vom Boden aus mit ihm und ich bin schwer begeistert. Aino geht mit einer sehr ruhigen Art an die Arbeit mit meinem Pony und l\u00e4sst ihm so viel Zeit zum verstehen wie er brauch. Komplett ohne Druck, oder Gewalt meinem Pony gegen\u00fcber. Ich bewundere Aino daf\u00fcr, dass sie immer so eine Geduld hat, auch wenn mein Pony mal auf stur stellt und nicht mitmachen will, sie schafft es jedes Mal ihn zu \u00fcberzeugen und das auf liebevoller Art und Weise. Ich danke Aino sehr f\u00fcr ihre tolle Arbeit mit meinem Pony und hoffe das ich sie noch viele Jahre an unserer Seite haben werde, da kein Trainer so Pferdefreundlich arbeiten wird wie sie es tut und ich bin sehr dankbar daf\u00fcr Aino kennengelernt zu haben und ich hoffe noch viel lernen zu k\u00f6nnen von ihr!<\/p>\n<\/details>\n<\/div>\n\n\n\n<div class=\"wp-block-group is-content-justification-center is-nowrap is-layout-flex wp-container-core-group-is-layout-e132ec16 wp-block-group-is-layout-flex\" style=\"margin-top:var(--wp--preset--spacing--20);margin-bottom:var(--wp--preset--spacing--20)\">\n<figure class=\"wp-block-image size-large is-resized has-custom-border\"><img loading=\"lazy\" decoding=\"async\" width=\"1024\" height=\"1024\" src=\"https:\/\/ainoraivio.fi\/wp-content\/uploads\/2024\/05\/IMG_2407-1-edited-1024x1024.jpg\" alt=\"\" class=\"wp-image-445\" style=\"border-radius:100px;width:422px;height:auto\" srcset=\"https:\/\/ainoraivio.fi\/wp-content\/uploads\/2024\/05\/IMG_2407-1-edited-1024x1024.jpg 1024w, https:\/\/ainoraivio.fi\/wp-content\/uploads\/2024\/05\/IMG_2407-1-edited-300x300.jpg 300w, https:\/\/ainoraivio.fi\/wp-content\/uploads\/2024\/05\/IMG_2407-1-edited-150x150.jpg 150w, https:\/\/ainoraivio.fi\/wp-content\/uploads\/2024\/05\/IMG_2407-1-edited-768x768.jpg 768w, https:\/\/ainoraivio.fi\/wp-content\/uploads\/2024\/05\/IMG_2407-1-edited-1536x1536.jpg 1536w, https:\/\/ainoraivio.fi\/wp-content\/uploads\/2024\/05\/IMG_2407-1-edited-2048x2048.jpg 2048w\" sizes=\"auto, (max-width: 1024px) 100vw, 1024px\" \/><\/figure>\n\n\n\n<details class=\"wp-block-details has-heading-font-family has-large-font-size wp-container-content-885d38d7 is-layout-flow wp-container-core-details-is-layout-ad1dd0fc wp-block-details-is-layout-flow\" style=\"padding-right:var(--wp--preset--spacing--10);padding-left:var(--wp--preset--spacing--10)\"><summary>Rike &amp; Johan C. Greenwood<\/summary>\n<p class=\"has-body-font-family has-medium-font-size\">Aino ist das beste was meinem Pferd und mir passieren konnte. Sie hat uns 3 Jahre in Deutschland begleitet und uns so viel beigebracht. Und jetzt geht es online weiter da ich mir keine andere Reitlehrerin vorstellen kann.<\/p>\n<\/details>\n<\/div>\n","protected":false},"excerpt":{"rendered":"","protected":false},"author":1,"featured_media":0,"parent":40,"menu_order":0,"comment_status":"closed","ping_status":"closed","template":"toimivasuomisivu","meta":{"footnotes":""},"class_list":["post-425","page","type-page","status-publish","hentry"],"_links":{"self":[{"href":"https:\/\/ainoraivio.fi\/index.php\/wp-json\/wp\/v2\/pages\/425","targetHints":{"allow":["GET"]}}],"collection":[{"href":"https:\/\/ainoraivio.fi\/index.php\/wp-json\/wp\/v2\/pages"}],"about":[{"href":"https:\/\/ainoraivio.fi\/index.php\/wp-json\/wp\/v2\/types\/page"}],"author":[{"embeddable":true,"href":"https:\/\/ainoraivio.fi\/index.php\/wp-json\/wp\/v2\/users\/1"}],"replies":[{"embeddable":true,"href":"https:\/\/ainoraivio.fi\/index.php\/wp-json\/wp\/v2\/comments?post=425"}],"version-history":[{"count":4,"href":"https:\/\/ainoraivio.fi\/index.php\/wp-json\/wp\/v2\/pages\/425\/revisions"}],"predecessor-version":[{"id":605,"href":"https:\/\/ainoraivio.fi\/index.php\/wp-json\/wp\/v2\/pages\/425\/revisions\/605"}],"up":[{"embeddable":true,"href":"https:\/\/ainoraivio.fi\/index.php\/wp-json\/wp\/v2\/pages\/40"}],"wp:attachment":[{"href":"https:\/\/ainoraivio.fi\/index.php\/wp-json\/wp\/v2\/media?parent=425"}],"curies":[{"name":"wp","href":"https:\/\/api.w.org\/{rel}","templated":true}]}}