{"id":42,"date":"2024-05-21T16:47:26","date_gmt":"2024-05-21T16:47:26","guid":{"rendered":"https:\/\/ainoraivio.fi\/?page_id=42"},"modified":"2024-05-30T13:25:56","modified_gmt":"2024-05-30T13:25:56","slug":"aino","status":"publish","type":"page","link":"https:\/\/ainoraivio.fi\/index.php\/deutsch\/aino\/","title":{"rendered":"Aino"},"content":{"rendered":"\n<div class=\"wp-block-group is-layout-flow wp-block-group-is-layout-flow\" style=\"margin-top:0;margin-bottom:0;padding-right:var(--wp--preset--spacing--60);padding-left:var(--wp--preset--spacing--60)\">\n<div class=\"wp-block-group is-nowrap is-layout-flex wp-container-core-group-is-layout-6c531013 wp-block-group-is-layout-flex\">\n<div class=\"wp-block-group is-nowrap is-layout-flex wp-container-core-group-is-layout-6c531013 wp-block-group-is-layout-flex\">\n<div class=\"wp-block-group is-content-justification-center is-layout-flex wp-container-core-group-is-layout-8a18a5c6 wp-block-group-is-layout-flex\" style=\"min-height:0px;padding-right:var(--wp--preset--spacing--10);padding-left:var(--wp--preset--spacing--10)\">\n<figure class=\"wp-block-image size-large is-resized has-custom-border\"><img loading=\"lazy\" decoding=\"async\" width=\"683\" height=\"1024\" src=\"https:\/\/ainoraivio.fi\/wp-content\/uploads\/2024\/05\/poseeraus-683x1024.jpg\" alt=\"\" class=\"wp-image-92\" style=\"border-radius:100px;aspect-ratio:3\/4;object-fit:cover;width:350px\" srcset=\"https:\/\/ainoraivio.fi\/wp-content\/uploads\/2024\/05\/poseeraus-683x1024.jpg 683w, https:\/\/ainoraivio.fi\/wp-content\/uploads\/2024\/05\/poseeraus-200x300.jpg 200w, https:\/\/ainoraivio.fi\/wp-content\/uploads\/2024\/05\/poseeraus-768x1152.jpg 768w, https:\/\/ainoraivio.fi\/wp-content\/uploads\/2024\/05\/poseeraus-1024x1536.jpg 1024w, https:\/\/ainoraivio.fi\/wp-content\/uploads\/2024\/05\/poseeraus-1365x2048.jpg 1365w, https:\/\/ainoraivio.fi\/wp-content\/uploads\/2024\/05\/poseeraus-scaled.jpg 1707w\" sizes=\"auto, (max-width: 683px) 100vw, 683px\" \/><\/figure>\n\n\n\n<p class=\"has-text-align-center wp-container-content-432d1f4f\">Pferde sind seit meiner Kindheit der Mittelpunkt meines Lebens. Ich begann mit 9 Jahren im Teijan Talli (heute Stall Furuvatni) in Pet\u00e4j\u00e4vesi mit Islandpferden zu reiten. Dort lernte ich von Anfang an eine Vielzahl von Reitk\u00fcnsten und das Wohlergehen von Pferden. Ich bin immer noch sehr froh, dass ich meine Pferdekarriere in einem so guten Stall begonnen habe, wo es wirklich wichtig ist, wie es den Pferden geht. Als ich \u00e4lter wurde, mietete ich einige Pferde und trainierte mit ihnen, bis ich mit 16 Jahren zum Yp\u00e4j\u00e4 Equine College ging, um dort zu studieren. Ich schloss mein Studium der Pferdepflege und Pferdehaltung mit Spezialisierung auf die Ausbildung junger Pferde ab und machte danach meinen Abschluss als Reitlehrerin. Ein Teil der Ausbildung war Training am Arbeitsplatz, das ich bei Teija Sillgren (tmi.Hevosen Henk\u00e4ys) in J\u00e4ms\u00e4 und in England im Stall von Kyra Kyrklund und Richard White absolvierte. Durch diese Jobs habe ich meinen Umgang mit Pferden sowie meine F\u00e4higkeit, ihr Wohlbefinden einzusch\u00e4tzen, weiter verbessert. W\u00e4hrend meiner Zeit bei Yp\u00e4j\u00e4 habe ich viel Erfahrung beim Reiten und bei Turnieren mit verschiedenen Pferderassen gesammelt und viel \u00fcber die Pferdebranche gelernt.<\/p>\n\n\n\n<figure class=\"wp-block-image size-full is-resized has-custom-border\"><img loading=\"lazy\" decoding=\"async\" width=\"564\" height=\"720\" src=\"https:\/\/ainoraivio.fi\/wp-content\/uploads\/2024\/05\/hronn.jpg\" alt=\"\" class=\"wp-image-263\" style=\"border-radius:100px;aspect-ratio:3\/4;object-fit:cover;width:350px\" srcset=\"https:\/\/ainoraivio.fi\/wp-content\/uploads\/2024\/05\/hronn.jpg 564w, https:\/\/ainoraivio.fi\/wp-content\/uploads\/2024\/05\/hronn-235x300.jpg 235w\" sizes=\"auto, (max-width: 564px) 100vw, 564px\" \/><\/figure>\n<\/div>\n<\/div>\n<\/div>\n\n\n\n<div class=\"wp-block-group is-content-justification-center is-nowrap is-layout-flex wp-container-core-group-is-layout-b3541762 wp-block-group-is-layout-flex\" style=\"padding-right:0;padding-left:0\">\n<figure class=\"wp-block-image size-full is-resized has-custom-border\"><img loading=\"lazy\" decoding=\"async\" width=\"683\" height=\"683\" src=\"https:\/\/ainoraivio.fi\/wp-content\/uploads\/2024\/05\/isanta-edited.jpg\" alt=\"\" class=\"wp-image-280\" style=\"border-radius:100px;width:350px\" srcset=\"https:\/\/ainoraivio.fi\/wp-content\/uploads\/2024\/05\/isanta-edited.jpg 683w, https:\/\/ainoraivio.fi\/wp-content\/uploads\/2024\/05\/isanta-edited-300x300.jpg 300w, https:\/\/ainoraivio.fi\/wp-content\/uploads\/2024\/05\/isanta-edited-150x150.jpg 150w\" sizes=\"auto, (max-width: 683px) 100vw, 683px\" \/><\/figure>\n\n\n\n<figure class=\"wp-block-image size-large is-resized has-custom-border\"><img loading=\"lazy\" decoding=\"async\" width=\"1066\" height=\"1066\" src=\"https:\/\/ainoraivio.fi\/wp-content\/uploads\/2024\/05\/artsi2-edited.jpg\" alt=\"\" class=\"wp-image-278\" style=\"border-radius:100px;aspect-ratio:1;object-fit:cover;width:350px\" srcset=\"https:\/\/ainoraivio.fi\/wp-content\/uploads\/2024\/05\/artsi2-edited.jpg 1066w, https:\/\/ainoraivio.fi\/wp-content\/uploads\/2024\/05\/artsi2-edited-300x300.jpg 300w, https:\/\/ainoraivio.fi\/wp-content\/uploads\/2024\/05\/artsi2-edited-1024x1024.jpg 1024w, https:\/\/ainoraivio.fi\/wp-content\/uploads\/2024\/05\/artsi2-edited-150x150.jpg 150w, https:\/\/ainoraivio.fi\/wp-content\/uploads\/2024\/05\/artsi2-edited-768x768.jpg 768w\" sizes=\"auto, (max-width: 1066px) 100vw, 1066px\" \/><\/figure>\n\n\n\n<figure class=\"wp-block-image size-large is-resized has-custom-border\"><img loading=\"lazy\" decoding=\"async\" width=\"997\" height=\"997\" src=\"https:\/\/ainoraivio.fi\/wp-content\/uploads\/2024\/05\/artsi-1-edited.jpg\" alt=\"\" class=\"wp-image-399\" style=\"border-radius:100px;aspect-ratio:1;object-fit:cover;width:350px\" srcset=\"https:\/\/ainoraivio.fi\/wp-content\/uploads\/2024\/05\/artsi-1-edited.jpg 997w, https:\/\/ainoraivio.fi\/wp-content\/uploads\/2024\/05\/artsi-1-edited-300x300.jpg 300w, https:\/\/ainoraivio.fi\/wp-content\/uploads\/2024\/05\/artsi-1-edited-150x150.jpg 150w, https:\/\/ainoraivio.fi\/wp-content\/uploads\/2024\/05\/artsi-1-edited-768x768.jpg 768w\" sizes=\"auto, (max-width: 997px) 100vw, 997px\" \/><\/figure>\n<\/div>\n\n\n\n<div class=\"wp-block-group is-content-justification-center is-layout-flex wp-container-core-group-is-layout-b02886af wp-block-group-is-layout-flex\">\n<p class=\"has-text-align-center wp-container-content-f22b2ade\">Nach meinem Abschluss arbeitete ich in der Schweiz in einem Springstall, wo ich Pferde pflegte und sie zu Hause ritt. Nach einem Jahr zog ich nach Belgien, um Dressur-Show-Pflegerin zu werden, und dann wieder ein Jahr sp\u00e4ter nach Deutschland, wo ich die n\u00e4chsten 6,5 Jahre f\u00fcr Anna Blomgren bei Anna Dressage arbeitete. W\u00e4hrend meiner Arbeit f\u00fcr Anna lernte ich auf einem ganz neuen Niveau, Pferde zu trainieren und zu handhaben sowie zu reiten. Ich folgte Annas Trainings mit Monica Theodorescu, Louise Nathorst, und Morten Thomsen der auch mich trainierte. Ich half Anna auch bei Shows und Turnieren und, was am wichtigsten ist, die Pferde darauf vorzubereiten.<\/p>\n\n\n\n<figure class=\"wp-block-image size-large is-resized has-custom-border\"><img loading=\"lazy\" decoding=\"async\" width=\"2290\" height=\"1717\" src=\"https:\/\/ainoraivio.fi\/wp-content\/uploads\/2024\/05\/IMG_2123-edited.jpg\" alt=\"\" class=\"wp-image-281\" style=\"border-radius:100px;width:450px\" srcset=\"https:\/\/ainoraivio.fi\/wp-content\/uploads\/2024\/05\/IMG_2123-edited.jpg 2290w, https:\/\/ainoraivio.fi\/wp-content\/uploads\/2024\/05\/IMG_2123-edited-300x225.jpg 300w, https:\/\/ainoraivio.fi\/wp-content\/uploads\/2024\/05\/IMG_2123-edited-1024x768.jpg 1024w, https:\/\/ainoraivio.fi\/wp-content\/uploads\/2024\/05\/IMG_2123-edited-768x576.jpg 768w, https:\/\/ainoraivio.fi\/wp-content\/uploads\/2024\/05\/IMG_2123-edited-1536x1152.jpg 1536w, https:\/\/ainoraivio.fi\/wp-content\/uploads\/2024\/05\/IMG_2123-edited-2048x1536.jpg 2048w\" sizes=\"auto, (max-width: 2290px) 100vw, 2290px\" \/><\/figure>\n<\/div>\n\n\n\n<div class=\"wp-block-group is-content-justification-center is-nowrap is-layout-flex wp-container-core-group-is-layout-19a3e464 wp-block-group-is-layout-flex\">\n<figure class=\"wp-block-image size-large is-resized has-custom-border\"><img loading=\"lazy\" decoding=\"async\" width=\"2560\" height=\"2560\" src=\"https:\/\/ainoraivio.fi\/wp-content\/uploads\/2024\/05\/PXL_20240424_074007662.PORTRAIT-edited-scaled.jpg\" alt=\"\" class=\"wp-image-289\" style=\"border-radius:100px;width:350px\" srcset=\"https:\/\/ainoraivio.fi\/wp-content\/uploads\/2024\/05\/PXL_20240424_074007662.PORTRAIT-edited-scaled.jpg 2560w, https:\/\/ainoraivio.fi\/wp-content\/uploads\/2024\/05\/PXL_20240424_074007662.PORTRAIT-edited-300x300.jpg 300w, https:\/\/ainoraivio.fi\/wp-content\/uploads\/2024\/05\/PXL_20240424_074007662.PORTRAIT-edited-1024x1024.jpg 1024w, https:\/\/ainoraivio.fi\/wp-content\/uploads\/2024\/05\/PXL_20240424_074007662.PORTRAIT-edited-150x150.jpg 150w, https:\/\/ainoraivio.fi\/wp-content\/uploads\/2024\/05\/PXL_20240424_074007662.PORTRAIT-edited-768x768.jpg 768w, https:\/\/ainoraivio.fi\/wp-content\/uploads\/2024\/05\/PXL_20240424_074007662.PORTRAIT-edited-1536x1536.jpg 1536w, https:\/\/ainoraivio.fi\/wp-content\/uploads\/2024\/05\/PXL_20240424_074007662.PORTRAIT-edited-2048x2048.jpg 2048w\" sizes=\"auto, (max-width: 2560px) 100vw, 2560px\" \/><\/figure>\n\n\n\n<figure class=\"wp-block-image size-large is-resized has-custom-border\"><img loading=\"lazy\" decoding=\"async\" width=\"1200\" height=\"1200\" src=\"https:\/\/ainoraivio.fi\/wp-content\/uploads\/2024\/05\/sveitsi-edited.jpg\" alt=\"\" class=\"wp-image-286\" style=\"border-radius:100px;width:350px\" srcset=\"https:\/\/ainoraivio.fi\/wp-content\/uploads\/2024\/05\/sveitsi-edited.jpg 1200w, https:\/\/ainoraivio.fi\/wp-content\/uploads\/2024\/05\/sveitsi-edited-300x300.jpg 300w, https:\/\/ainoraivio.fi\/wp-content\/uploads\/2024\/05\/sveitsi-edited-1024x1024.jpg 1024w, https:\/\/ainoraivio.fi\/wp-content\/uploads\/2024\/05\/sveitsi-edited-150x150.jpg 150w, https:\/\/ainoraivio.fi\/wp-content\/uploads\/2024\/05\/sveitsi-edited-768x768.jpg 768w\" sizes=\"auto, (max-width: 1200px) 100vw, 1200px\" \/><\/figure>\n\n\n\n<figure class=\"wp-block-image size-full is-resized has-custom-border\"><img loading=\"lazy\" decoding=\"async\" width=\"720\" height=\"720\" src=\"https:\/\/ainoraivio.fi\/wp-content\/uploads\/2024\/05\/doha-edited.jpg\" alt=\"\" class=\"wp-image-287\" style=\"border-radius:100px;width:350px\" srcset=\"https:\/\/ainoraivio.fi\/wp-content\/uploads\/2024\/05\/doha-edited.jpg 720w, https:\/\/ainoraivio.fi\/wp-content\/uploads\/2024\/05\/doha-edited-300x300.jpg 300w, https:\/\/ainoraivio.fi\/wp-content\/uploads\/2024\/05\/doha-edited-150x150.jpg 150w\" sizes=\"auto, (max-width: 720px) 100vw, 720px\" \/><\/figure>\n<\/div>\n\n\n\n<div class=\"wp-block-group is-content-justification-center is-layout-flex wp-container-core-group-is-layout-b02886af wp-block-group-is-layout-flex\">\n<figure class=\"wp-block-image size-large is-resized has-custom-border\"><img loading=\"lazy\" decoding=\"async\" width=\"1066\" height=\"800\" src=\"https:\/\/ainoraivio.fi\/wp-content\/uploads\/2024\/05\/15-73-edited.jpg\" alt=\"\" class=\"wp-image-293\" style=\"border-radius:100px;width:450px\" srcset=\"https:\/\/ainoraivio.fi\/wp-content\/uploads\/2024\/05\/15-73-edited.jpg 1066w, https:\/\/ainoraivio.fi\/wp-content\/uploads\/2024\/05\/15-73-edited-300x225.jpg 300w, https:\/\/ainoraivio.fi\/wp-content\/uploads\/2024\/05\/15-73-edited-1024x768.jpg 1024w, https:\/\/ainoraivio.fi\/wp-content\/uploads\/2024\/05\/15-73-edited-768x576.jpg 768w\" sizes=\"auto, (max-width: 1066px) 100vw, 1066px\" \/><\/figure>\n\n\n\n<p class=\"has-text-align-center wp-container-content-f22b2ade\">In Deutschland hatte ich selbst st\u00e4ndig 1-2 Pferde. Mein Plan war, an vielen Turnieren teilzunehmen, aber leider konnte ich das aufgrund der Pferde und manchmal auch meiner eigenen gesundheitlichen Probleme nicht so oft tun, wie ich gehofft hatte. Zu Hause trainierte ich meine Pferde f\u00fcr die h\u00f6heren Klassen und lernte von Anna, wie man ein Dressurpferd von Grund auf bis hin zu Grand-Prix-\u00dcbungen aufbaut. In meiner Freizeit unterrichtete ich meine Freunde zum Spa\u00df, um mit meinen Trainingsf\u00e4higkeiten Schritt zu halten.<\/p>\n<\/div>\n\n\n\n<div class=\"wp-block-group is-content-justification-center is-nowrap is-layout-flex wp-container-core-group-is-layout-19a3e464 wp-block-group-is-layout-flex\">\n<figure class=\"wp-block-image size-large is-resized has-custom-border\"><img loading=\"lazy\" decoding=\"async\" width=\"2560\" height=\"2560\" src=\"https:\/\/ainoraivio.fi\/wp-content\/uploads\/2024\/05\/IMG_1249-edited-scaled.jpg\" alt=\"\" class=\"wp-image-295\" style=\"border-radius:100px;width:350px\" srcset=\"https:\/\/ainoraivio.fi\/wp-content\/uploads\/2024\/05\/IMG_1249-edited-scaled.jpg 2560w, https:\/\/ainoraivio.fi\/wp-content\/uploads\/2024\/05\/IMG_1249-edited-300x300.jpg 300w, https:\/\/ainoraivio.fi\/wp-content\/uploads\/2024\/05\/IMG_1249-edited-1024x1024.jpg 1024w, https:\/\/ainoraivio.fi\/wp-content\/uploads\/2024\/05\/IMG_1249-edited-150x150.jpg 150w, https:\/\/ainoraivio.fi\/wp-content\/uploads\/2024\/05\/IMG_1249-edited-768x768.jpg 768w, https:\/\/ainoraivio.fi\/wp-content\/uploads\/2024\/05\/IMG_1249-edited-1536x1536.jpg 1536w, https:\/\/ainoraivio.fi\/wp-content\/uploads\/2024\/05\/IMG_1249-edited-2048x2048.jpg 2048w\" sizes=\"auto, (max-width: 2560px) 100vw, 2560px\" \/><\/figure>\n\n\n\n<figure class=\"wp-block-image size-full is-resized has-custom-border\"><img loading=\"lazy\" decoding=\"async\" width=\"945\" height=\"945\" src=\"https:\/\/ainoraivio.fi\/wp-content\/uploads\/2024\/05\/q.png\" alt=\"\" class=\"wp-image-296\" style=\"border-radius:100px;aspect-ratio:1;object-fit:cover;width:350px\" srcset=\"https:\/\/ainoraivio.fi\/wp-content\/uploads\/2024\/05\/q.png 945w, https:\/\/ainoraivio.fi\/wp-content\/uploads\/2024\/05\/q-300x300.png 300w, https:\/\/ainoraivio.fi\/wp-content\/uploads\/2024\/05\/q-150x150.png 150w, https:\/\/ainoraivio.fi\/wp-content\/uploads\/2024\/05\/q-768x768.png 768w\" sizes=\"auto, (max-width: 945px) 100vw, 945px\" \/><\/figure>\n\n\n\n<figure class=\"wp-block-image size-full is-resized has-custom-border\"><img loading=\"lazy\" decoding=\"async\" width=\"945\" height=\"945\" src=\"https:\/\/ainoraivio.fi\/wp-content\/uploads\/2024\/05\/katsa.png\" alt=\"\" class=\"wp-image-297\" style=\"border-radius:100px;aspect-ratio:1;object-fit:cover;width:350px\" srcset=\"https:\/\/ainoraivio.fi\/wp-content\/uploads\/2024\/05\/katsa.png 945w, https:\/\/ainoraivio.fi\/wp-content\/uploads\/2024\/05\/katsa-300x300.png 300w, https:\/\/ainoraivio.fi\/wp-content\/uploads\/2024\/05\/katsa-150x150.png 150w, https:\/\/ainoraivio.fi\/wp-content\/uploads\/2024\/05\/katsa-768x768.png 768w\" sizes=\"auto, (max-width: 945px) 100vw, 945px\" \/><\/figure>\n<\/div>\n\n\n\n<div class=\"wp-block-group has-global-padding is-layout-constrained wp-container-core-group-is-layout-1c2ac5aa wp-block-group-is-layout-constrained\">\n<div class=\"wp-block-group is-layout-flex wp-block-group-is-layout-flex\">\n<p class=\"has-text-align-center wp-container-content-f22b2ade\">Ich bin im Mai 2024 nach Finnland zur\u00fcckgekehrt, meine Reise als Unternehmerin steht also erst am Anfang. Mein Ziel ist es, gleichgesinnte Kunden und Partner zu finden, mit denen ich meine F\u00e4higkeiten und Kenntnisse in den Bereichen Training, Reiten und Pflege des Wohlbefindens von Pferden teilen kann, damit sowohl wir als auch die Pferde sich wohlf\u00fchlen!<\/p>\n\n\n\n<figure class=\"wp-block-image size-full is-resized has-custom-border\"><img loading=\"lazy\" decoding=\"async\" width=\"745\" height=\"993\" src=\"https:\/\/ainoraivio.fi\/wp-content\/uploads\/2024\/05\/bianca.jpg\" alt=\"\" class=\"wp-image-298\" style=\"border-radius:100px;width:350px\" srcset=\"https:\/\/ainoraivio.fi\/wp-content\/uploads\/2024\/05\/bianca.jpg 745w, https:\/\/ainoraivio.fi\/wp-content\/uploads\/2024\/05\/bianca-225x300.jpg 225w\" sizes=\"auto, (max-width: 745px) 100vw, 745px\" \/><\/figure>\n<\/div>\n\n\n\n<p class=\"has-text-align-center\">Au\u00dferhalb der Arbeit verbringe ich Zeit mit meinem Border Collie Bianca, lese B\u00fccher und genie\u00dfe Kunst und die finnische Natur.<\/p>\n<\/div>\n<\/div>\n","protected":false},"excerpt":{"rendered":"<p>Pferde sind seit meiner Kindheit der Mittelpunkt meines Lebens. Ich begann mit 9 Jahren im Teijan Talli (heute Stall Furuvatni) in Pet\u00e4j\u00e4vesi mit Islandpferden zu reiten. Dort lernte ich von Anfang an eine Vielzahl von Reitk\u00fcnsten und das Wohlergehen von Pferden. Ich bin immer noch sehr froh, dass ich meine Pferdekarriere in einem so guten [&hellip;]<\/p>\n","protected":false},"author":1,"featured_media":0,"parent":40,"menu_order":0,"comment_status":"closed","ping_status":"closed","template":"toimivasuomisivu","meta":{"footnotes":""},"class_list":["post-42","page","type-page","status-publish","hentry"],"_links":{"self":[{"href":"https:\/\/ainoraivio.fi\/index.php\/wp-json\/wp\/v2\/pages\/42","targetHints":{"allow":["GET"]}}],"collection":[{"href":"https:\/\/ainoraivio.fi\/index.php\/wp-json\/wp\/v2\/pages"}],"about":[{"href":"https:\/\/ainoraivio.fi\/index.php\/wp-json\/wp\/v2\/types\/page"}],"author":[{"embeddable":true,"href":"https:\/\/ainoraivio.fi\/index.php\/wp-json\/wp\/v2\/users\/1"}],"replies":[{"embeddable":true,"href":"https:\/\/ainoraivio.fi\/index.php\/wp-json\/wp\/v2\/comments?post=42"}],"version-history":[{"count":4,"href":"https:\/\/ainoraivio.fi\/index.php\/wp-json\/wp\/v2\/pages\/42\/revisions"}],"predecessor-version":[{"id":475,"href":"https:\/\/ainoraivio.fi\/index.php\/wp-json\/wp\/v2\/pages\/42\/revisions\/475"}],"up":[{"embeddable":true,"href":"https:\/\/ainoraivio.fi\/index.php\/wp-json\/wp\/v2\/pages\/40"}],"wp:attachment":[{"href":"https:\/\/ainoraivio.fi\/index.php\/wp-json\/wp\/v2\/media?parent=42"}],"curies":[{"name":"wp","href":"https:\/\/api.w.org\/{rel}","templated":true}]}}