{"id":327,"date":"2024-05-29T10:53:33","date_gmt":"2024-05-29T10:53:33","guid":{"rendered":"https:\/\/ainoraivio.fi\/?page_id=327"},"modified":"2024-05-31T14:28:12","modified_gmt":"2024-05-31T14:28:12","slug":"kontakt","status":"publish","type":"page","link":"https:\/\/ainoraivio.fi\/index.php\/deutsch\/kontakt\/","title":{"rendered":"Kontakt"},"content":{"rendered":"\n<div class=\"wp-block-group has-global-padding is-layout-constrained wp-container-core-group-is-layout-1c2ac5aa wp-block-group-is-layout-constrained\">\n<div class=\"wp-block-columns is-layout-flex wp-container-core-columns-is-layout-9c22b1e3 wp-block-columns-is-layout-flex\">\n<div class=\"wp-block-column is-layout-flow wp-block-column-is-layout-flow\" style=\"flex-basis:100%\">\n<div class=\"wp-block-group has-global-padding is-layout-constrained wp-container-core-group-is-layout-eb97935a wp-block-group-is-layout-constrained\" style=\"padding-right:0;padding-left:0\">\n<figure class=\"wp-block-table alignwide is-style-stripes\"><table class=\"has-fixed-layout\"><tbody><tr><td>Telefon \/ whatsapp<\/td><td>(+358) 050 3606 905<\/td><\/tr><\/tbody><\/table><figcaption class=\"wp-element-caption\"><strong><em>Am besten erreichen Sie mich per Nachricht. W\u00e4hrend meiner Arbeitszeit gehe ich nicht ans Telefon, hinterlassen Sie bitte eine R\u00fcckrufanfrage per Nachricht, wenn ich nicht abnehme.<\/em><\/strong><\/figcaption><\/figure>\n\n\n\n<figure class=\"wp-block-table alignwide is-style-stripes\"><table class=\"has-fixed-layout\"><tbody><tr><td>Email<\/td><td><a href=\"mailto:info@ainoraivio.fi\">info@ainoraivio.fi<\/a><\/td><\/tr><tr><td><\/td><td><\/td><\/tr><tr><td>Instagram<\/td><td><a href=\"https:\/\/www.instagram.com\/tmi_aino_raivio\/\">@tmi_aino_raivio<\/a><\/td><\/tr><tr><td><\/td><td><\/td><\/tr><tr><td>Facebook<\/td><td><a href=\"https:\/\/www.facebook.com\/profile.php?id=61559549227516&amp;__cft__[0]=AZWA8cj-pkCARYkY16w9bPWl7cqoHhpDWFAXI49jnHQR8Dt244b7Y72hb3lubKgPz5htr7QGqCUtwA0Dtt9L6vPBdlY2OtTIwmd5lrRiwp8M1l2lUNy7ibXzcY1qeIVcldh8rsNt4ZCOzu-ae9xEu3bpGpdounjEATV246n5bCGymVG-7xO5RHimSboIs55rE9myXWYO6oGPES_1pfy9lUtLKS560z4HmPVYvYUml_1hKg&amp;__tn__=-]K-R\">Tmi Aino Raivio<\/a><\/td><\/tr><\/tbody><\/table><\/figure>\n\n\n\n<p class=\"has-base-2-color has-text-color has-link-color wp-elements-b3c78daeed178b6c15a31b14dd5cfd44\">..<\/p>\n\n\n\n<figure class=\"wp-block-table alignwide is-style-stripes\"><table class=\"has-fixed-layout\"><tbody><tr><td>Firmeninformation<\/td><td><\/td><\/tr><tr><td>tmi Aino Raivio<\/td><td><\/td><\/tr><tr><td>FK-Nummer<\/td><td>3446179-6<\/td><\/tr><tr><td>Umsatzsteuernummer<\/td><td>FI34461796<\/td><\/tr><tr><td>IBAN<\/td><td>FI73 5339 0820 0741 37<\/td><\/tr><tr><td>Standort<\/td><td>Jyv\u00e4skyl\u00e4, Finnland<\/td><\/tr><\/tbody><\/table><\/figure>\n\n\n\n<p class=\"has-base-2-color has-text-color has-link-color wp-elements-b3c78daeed178b6c15a31b14dd5cfd44\">..<\/p>\n<\/div>\n<\/div>\n<\/div>\n\n\n\n<p class=\"has-text-align-center\">Indem Sie Kontakt mit uns aufnehmen, akzeptieren Sie, dass unser Unternehmen einige Ihrer pers\u00f6nlichen Daten, wie beispielsweise eine E-Mail-Adresse oder eine Telefonnummer, speichern kann.<\/p>\n\n\n\n<p class=\"has-text-align-center\">Wenn Sie mehr \u00fcber die Verwendung dieser Daten oder Ihre Rechte erfahren m\u00f6chten, lesen Sie bitte die Datenschutzerkl\u00e4rung.<\/p>\n\n\n\n<div class=\"wp-block-group is-content-justification-center is-nowrap is-layout-flex wp-container-core-group-is-layout-19a3e464 wp-block-group-is-layout-flex\">\n<figure class=\"wp-block-image size-large is-resized has-custom-border\"><img loading=\"lazy\" decoding=\"async\" width=\"1024\" height=\"684\" src=\"https:\/\/ainoraivio.fi\/wp-content\/uploads\/2024\/05\/IMG_3506-1-1024x684.jpg\" alt=\"\" class=\"wp-image-104\" style=\"border-radius:100px;aspect-ratio:1;object-fit:cover;width:325px\" srcset=\"https:\/\/ainoraivio.fi\/wp-content\/uploads\/2024\/05\/IMG_3506-1-1024x684.jpg 1024w, https:\/\/ainoraivio.fi\/wp-content\/uploads\/2024\/05\/IMG_3506-1-300x200.jpg 300w, https:\/\/ainoraivio.fi\/wp-content\/uploads\/2024\/05\/IMG_3506-1-768x513.jpg 768w, https:\/\/ainoraivio.fi\/wp-content\/uploads\/2024\/05\/IMG_3506-1-1536x1025.jpg 1536w, https:\/\/ainoraivio.fi\/wp-content\/uploads\/2024\/05\/IMG_3506-1-2048x1367.jpg 2048w\" sizes=\"auto, (max-width: 1024px) 100vw, 1024px\" \/><\/figure>\n\n\n\n<figure class=\"wp-block-image size-large is-resized has-custom-border\"><img loading=\"lazy\" decoding=\"async\" width=\"1024\" height=\"684\" src=\"https:\/\/ainoraivio.fi\/wp-content\/uploads\/2024\/05\/IMG_4078-1024x684.jpg\" alt=\"\" class=\"wp-image-247\" style=\"border-radius:100px;aspect-ratio:1;object-fit:cover;width:325px\" srcset=\"https:\/\/ainoraivio.fi\/wp-content\/uploads\/2024\/05\/IMG_4078-1024x684.jpg 1024w, https:\/\/ainoraivio.fi\/wp-content\/uploads\/2024\/05\/IMG_4078-300x200.jpg 300w, https:\/\/ainoraivio.fi\/wp-content\/uploads\/2024\/05\/IMG_4078-768x513.jpg 768w, https:\/\/ainoraivio.fi\/wp-content\/uploads\/2024\/05\/IMG_4078-1536x1025.jpg 1536w, https:\/\/ainoraivio.fi\/wp-content\/uploads\/2024\/05\/IMG_4078-2048x1367.jpg 2048w\" sizes=\"auto, (max-width: 1024px) 100vw, 1024px\" \/><\/figure>\n\n\n\n<figure class=\"wp-block-image size-large is-resized has-custom-border is-style-default\"><img loading=\"lazy\" decoding=\"async\" width=\"768\" height=\"1024\" src=\"https:\/\/ainoraivio.fi\/wp-content\/uploads\/2024\/05\/IMG_20180526_132150-768x1024.jpg\" alt=\"\" class=\"wp-image-116\" style=\"border-radius:100px;aspect-ratio:1;object-fit:cover;width:325px\" srcset=\"https:\/\/ainoraivio.fi\/wp-content\/uploads\/2024\/05\/IMG_20180526_132150-768x1024.jpg 768w, https:\/\/ainoraivio.fi\/wp-content\/uploads\/2024\/05\/IMG_20180526_132150-225x300.jpg 225w, https:\/\/ainoraivio.fi\/wp-content\/uploads\/2024\/05\/IMG_20180526_132150-1152x1536.jpg 1152w, https:\/\/ainoraivio.fi\/wp-content\/uploads\/2024\/05\/IMG_20180526_132150-1536x2048.jpg 1536w, https:\/\/ainoraivio.fi\/wp-content\/uploads\/2024\/05\/IMG_20180526_132150-scaled.jpg 1920w\" sizes=\"auto, (max-width: 768px) 100vw, 768px\" \/><\/figure>\n<\/div>\n\n\n\n<p class=\"has-base-2-color has-text-color has-link-color wp-elements-b3c78daeed178b6c15a31b14dd5cfd44\">..<\/p>\n<\/div>\n","protected":false},"excerpt":{"rendered":"<p>Telefon \/ whatsapp (+358) 050 3606 905 Am besten erreichen Sie mich per Nachricht. W\u00e4hrend meiner Arbeitszeit gehe ich nicht ans Telefon, hinterlassen Sie bitte eine R\u00fcckrufanfrage per Nachricht, wenn ich nicht abnehme. Email info@ainoraivio.fi Instagram @tmi_aino_raivio Facebook Tmi Aino Raivio .. Firmeninformation tmi Aino Raivio FK-Nummer 3446179-6 Umsatzsteuernummer FI34461796 IBAN FI73 5339 0820 0741 [&hellip;]<\/p>\n","protected":false},"author":1,"featured_media":0,"parent":40,"menu_order":3,"comment_status":"closed","ping_status":"closed","template":"toimivasuomisivu","meta":{"footnotes":""},"class_list":["post-327","page","type-page","status-publish","hentry"],"_links":{"self":[{"href":"https:\/\/ainoraivio.fi\/index.php\/wp-json\/wp\/v2\/pages\/327","targetHints":{"allow":["GET"]}}],"collection":[{"href":"https:\/\/ainoraivio.fi\/index.php\/wp-json\/wp\/v2\/pages"}],"about":[{"href":"https:\/\/ainoraivio.fi\/index.php\/wp-json\/wp\/v2\/types\/page"}],"author":[{"embeddable":true,"href":"https:\/\/ainoraivio.fi\/index.php\/wp-json\/wp\/v2\/users\/1"}],"replies":[{"embeddable":true,"href":"https:\/\/ainoraivio.fi\/index.php\/wp-json\/wp\/v2\/comments?post=327"}],"version-history":[{"count":4,"href":"https:\/\/ainoraivio.fi\/index.php\/wp-json\/wp\/v2\/pages\/327\/revisions"}],"predecessor-version":[{"id":516,"href":"https:\/\/ainoraivio.fi\/index.php\/wp-json\/wp\/v2\/pages\/327\/revisions\/516"}],"up":[{"embeddable":true,"href":"https:\/\/ainoraivio.fi\/index.php\/wp-json\/wp\/v2\/pages\/40"}],"wp:attachment":[{"href":"https:\/\/ainoraivio.fi\/index.php\/wp-json\/wp\/v2\/media?parent=327"}],"curies":[{"name":"wp","href":"https:\/\/api.w.org\/{rel}","templated":true}]}}