{"id":32,"date":"2024-05-21T16:46:06","date_gmt":"2024-05-21T16:46:06","guid":{"rendered":"https:\/\/ainoraivio.fi\/?page_id=32"},"modified":"2024-05-30T13:30:00","modified_gmt":"2024-05-30T13:30:00","slug":"about-aino","status":"publish","type":"page","link":"https:\/\/ainoraivio.fi\/index.php\/english\/about-aino\/","title":{"rendered":"About Aino"},"content":{"rendered":"\n<div class=\"wp-block-group is-layout-flow wp-block-group-is-layout-flow\" style=\"margin-top:0;margin-bottom:0;padding-right:var(--wp--preset--spacing--60);padding-left:var(--wp--preset--spacing--60)\">\n<div class=\"wp-block-group is-nowrap is-layout-flex wp-container-core-group-is-layout-6c531013 wp-block-group-is-layout-flex\">\n<div class=\"wp-block-group is-nowrap is-layout-flex wp-container-core-group-is-layout-6c531013 wp-block-group-is-layout-flex\">\n<div class=\"wp-block-group is-content-justification-center is-layout-flex wp-container-core-group-is-layout-8a18a5c6 wp-block-group-is-layout-flex\" style=\"min-height:0px;padding-right:var(--wp--preset--spacing--10);padding-left:var(--wp--preset--spacing--10)\">\n<figure class=\"wp-block-image size-large is-resized has-custom-border\"><img loading=\"lazy\" decoding=\"async\" width=\"683\" height=\"1024\" src=\"https:\/\/ainoraivio.fi\/wp-content\/uploads\/2024\/05\/poseeraus-683x1024.jpg\" alt=\"\" class=\"wp-image-92\" style=\"border-radius:100px;aspect-ratio:3\/4;object-fit:cover;width:350px\" srcset=\"https:\/\/ainoraivio.fi\/wp-content\/uploads\/2024\/05\/poseeraus-683x1024.jpg 683w, https:\/\/ainoraivio.fi\/wp-content\/uploads\/2024\/05\/poseeraus-200x300.jpg 200w, https:\/\/ainoraivio.fi\/wp-content\/uploads\/2024\/05\/poseeraus-768x1152.jpg 768w, https:\/\/ainoraivio.fi\/wp-content\/uploads\/2024\/05\/poseeraus-1024x1536.jpg 1024w, https:\/\/ainoraivio.fi\/wp-content\/uploads\/2024\/05\/poseeraus-1365x2048.jpg 1365w, https:\/\/ainoraivio.fi\/wp-content\/uploads\/2024\/05\/poseeraus-scaled.jpg 1707w\" sizes=\"auto, (max-width: 683px) 100vw, 683px\" \/><\/figure>\n\n\n\n<p class=\"has-text-align-center wp-container-content-432d1f4f\">Horses have been the center of my life since I was a child. I started riding with icelandic horses at Teijan Talli (nowadays stable Furuvatni) in Pet\u00e4j\u00e4vesi when I was 9 years old. There I learned a vide variety of horsemanship skills and about the welfare of horses from the very beginning. I am still very happy that the start of my horse journey was at such a good stable, where it is really important how the horses are doing. Once I got older I rented some horses and trained with them, until at 16 I left to study at Yp\u00e4j\u00e4 Equine College. I finished my grooming and horse management studies specialising in training young horses and after that I continued on to get my riding instructor degree. Part of the education was on the job training, which I did with Teija Sillgren (tmi.Hevosen Henk\u00e4ys) in J\u00e4ms\u00e4 and in England at the stable of Kyra Kyrklund and Richard White. These jobs continued to improve my skills with horses as well as my ability to evaluate their wellbeing, and my time at Yp\u00e4j\u00e4 gave me a lot of experience riding and competing different kind of horses and taught me a lot about the equine industry.<\/p>\n\n\n\n<figure class=\"wp-block-image size-full is-resized has-custom-border\"><img loading=\"lazy\" decoding=\"async\" width=\"564\" height=\"720\" src=\"https:\/\/ainoraivio.fi\/wp-content\/uploads\/2024\/05\/hronn.jpg\" alt=\"\" class=\"wp-image-263\" style=\"border-radius:100px;aspect-ratio:3\/4;object-fit:cover;width:350px\" srcset=\"https:\/\/ainoraivio.fi\/wp-content\/uploads\/2024\/05\/hronn.jpg 564w, https:\/\/ainoraivio.fi\/wp-content\/uploads\/2024\/05\/hronn-235x300.jpg 235w\" sizes=\"auto, (max-width: 564px) 100vw, 564px\" \/><\/figure>\n<\/div>\n<\/div>\n<\/div>\n\n\n\n<div class=\"wp-block-group is-content-justification-center is-nowrap is-layout-flex wp-container-core-group-is-layout-b3541762 wp-block-group-is-layout-flex\" style=\"padding-right:0;padding-left:0\">\n<figure class=\"wp-block-image size-full is-resized has-custom-border\"><img loading=\"lazy\" decoding=\"async\" width=\"683\" height=\"683\" src=\"https:\/\/ainoraivio.fi\/wp-content\/uploads\/2024\/05\/isanta-edited.jpg\" alt=\"\" class=\"wp-image-280\" style=\"border-radius:100px;width:350px\" srcset=\"https:\/\/ainoraivio.fi\/wp-content\/uploads\/2024\/05\/isanta-edited.jpg 683w, https:\/\/ainoraivio.fi\/wp-content\/uploads\/2024\/05\/isanta-edited-300x300.jpg 300w, https:\/\/ainoraivio.fi\/wp-content\/uploads\/2024\/05\/isanta-edited-150x150.jpg 150w\" sizes=\"auto, (max-width: 683px) 100vw, 683px\" \/><\/figure>\n\n\n\n<figure class=\"wp-block-image size-large is-resized has-custom-border\"><img loading=\"lazy\" decoding=\"async\" width=\"1066\" height=\"1066\" src=\"https:\/\/ainoraivio.fi\/wp-content\/uploads\/2024\/05\/artsi2-edited.jpg\" alt=\"\" class=\"wp-image-278\" style=\"border-radius:100px;aspect-ratio:1;object-fit:cover;width:350px\" srcset=\"https:\/\/ainoraivio.fi\/wp-content\/uploads\/2024\/05\/artsi2-edited.jpg 1066w, https:\/\/ainoraivio.fi\/wp-content\/uploads\/2024\/05\/artsi2-edited-300x300.jpg 300w, https:\/\/ainoraivio.fi\/wp-content\/uploads\/2024\/05\/artsi2-edited-1024x1024.jpg 1024w, https:\/\/ainoraivio.fi\/wp-content\/uploads\/2024\/05\/artsi2-edited-150x150.jpg 150w, https:\/\/ainoraivio.fi\/wp-content\/uploads\/2024\/05\/artsi2-edited-768x768.jpg 768w\" sizes=\"auto, (max-width: 1066px) 100vw, 1066px\" \/><\/figure>\n\n\n\n<figure class=\"wp-block-image size-large is-resized has-custom-border\"><img loading=\"lazy\" decoding=\"async\" width=\"997\" height=\"997\" src=\"https:\/\/ainoraivio.fi\/wp-content\/uploads\/2024\/05\/artsi-1-edited.jpg\" alt=\"\" class=\"wp-image-399\" style=\"border-radius:100px;aspect-ratio:1;object-fit:cover;width:350px\" srcset=\"https:\/\/ainoraivio.fi\/wp-content\/uploads\/2024\/05\/artsi-1-edited.jpg 997w, https:\/\/ainoraivio.fi\/wp-content\/uploads\/2024\/05\/artsi-1-edited-300x300.jpg 300w, https:\/\/ainoraivio.fi\/wp-content\/uploads\/2024\/05\/artsi-1-edited-150x150.jpg 150w, https:\/\/ainoraivio.fi\/wp-content\/uploads\/2024\/05\/artsi-1-edited-768x768.jpg 768w\" sizes=\"auto, (max-width: 997px) 100vw, 997px\" \/><\/figure>\n<\/div>\n\n\n\n<div class=\"wp-block-group is-content-justification-center is-layout-flex wp-container-core-group-is-layout-b02886af wp-block-group-is-layout-flex\">\n<p class=\"has-text-align-center wp-container-content-f22b2ade\">After graduating I went to work in Switzerland at a showjumping stable to groom horses and flatride them at home. After a year I moved on to Belgium to be a dressage showgroom, and then again after a year I moved to Germany, where I spent the next 6,5 years working for Anna Blomgren at Anna Dressage. While working for Anna I learned to train and handle horses, as well as ride, on a whole new level. I followed Anna&#8217;s trainings with Monica Theodorescu and Louise Nathorst, as well as Morten Thomsen whom I also trained with. I also helped Anna with shows and competitions, and what&#8217;s most important, to prepare the horses for them.<\/p>\n\n\n\n<figure class=\"wp-block-image size-large is-resized has-custom-border\"><img loading=\"lazy\" decoding=\"async\" width=\"2290\" height=\"1717\" src=\"https:\/\/ainoraivio.fi\/wp-content\/uploads\/2024\/05\/IMG_2123-edited.jpg\" alt=\"\" class=\"wp-image-281\" style=\"border-radius:100px;width:450px\" srcset=\"https:\/\/ainoraivio.fi\/wp-content\/uploads\/2024\/05\/IMG_2123-edited.jpg 2290w, https:\/\/ainoraivio.fi\/wp-content\/uploads\/2024\/05\/IMG_2123-edited-300x225.jpg 300w, https:\/\/ainoraivio.fi\/wp-content\/uploads\/2024\/05\/IMG_2123-edited-1024x768.jpg 1024w, https:\/\/ainoraivio.fi\/wp-content\/uploads\/2024\/05\/IMG_2123-edited-768x576.jpg 768w, https:\/\/ainoraivio.fi\/wp-content\/uploads\/2024\/05\/IMG_2123-edited-1536x1152.jpg 1536w, https:\/\/ainoraivio.fi\/wp-content\/uploads\/2024\/05\/IMG_2123-edited-2048x1536.jpg 2048w\" sizes=\"auto, (max-width: 2290px) 100vw, 2290px\" \/><\/figure>\n<\/div>\n\n\n\n<div class=\"wp-block-group is-content-justification-center is-nowrap is-layout-flex wp-container-core-group-is-layout-19a3e464 wp-block-group-is-layout-flex\">\n<figure class=\"wp-block-image size-large is-resized has-custom-border\"><img loading=\"lazy\" decoding=\"async\" width=\"2560\" height=\"2560\" src=\"https:\/\/ainoraivio.fi\/wp-content\/uploads\/2024\/05\/PXL_20240424_074007662.PORTRAIT-edited-scaled.jpg\" alt=\"\" class=\"wp-image-289\" style=\"border-radius:100px;width:350px\" srcset=\"https:\/\/ainoraivio.fi\/wp-content\/uploads\/2024\/05\/PXL_20240424_074007662.PORTRAIT-edited-scaled.jpg 2560w, https:\/\/ainoraivio.fi\/wp-content\/uploads\/2024\/05\/PXL_20240424_074007662.PORTRAIT-edited-300x300.jpg 300w, https:\/\/ainoraivio.fi\/wp-content\/uploads\/2024\/05\/PXL_20240424_074007662.PORTRAIT-edited-1024x1024.jpg 1024w, https:\/\/ainoraivio.fi\/wp-content\/uploads\/2024\/05\/PXL_20240424_074007662.PORTRAIT-edited-150x150.jpg 150w, https:\/\/ainoraivio.fi\/wp-content\/uploads\/2024\/05\/PXL_20240424_074007662.PORTRAIT-edited-768x768.jpg 768w, https:\/\/ainoraivio.fi\/wp-content\/uploads\/2024\/05\/PXL_20240424_074007662.PORTRAIT-edited-1536x1536.jpg 1536w, https:\/\/ainoraivio.fi\/wp-content\/uploads\/2024\/05\/PXL_20240424_074007662.PORTRAIT-edited-2048x2048.jpg 2048w\" sizes=\"auto, (max-width: 2560px) 100vw, 2560px\" \/><\/figure>\n\n\n\n<figure class=\"wp-block-image size-large is-resized has-custom-border\"><img loading=\"lazy\" decoding=\"async\" width=\"1200\" height=\"1200\" src=\"https:\/\/ainoraivio.fi\/wp-content\/uploads\/2024\/05\/sveitsi-edited.jpg\" alt=\"\" class=\"wp-image-286\" style=\"border-radius:100px;width:350px\" srcset=\"https:\/\/ainoraivio.fi\/wp-content\/uploads\/2024\/05\/sveitsi-edited.jpg 1200w, https:\/\/ainoraivio.fi\/wp-content\/uploads\/2024\/05\/sveitsi-edited-300x300.jpg 300w, https:\/\/ainoraivio.fi\/wp-content\/uploads\/2024\/05\/sveitsi-edited-1024x1024.jpg 1024w, https:\/\/ainoraivio.fi\/wp-content\/uploads\/2024\/05\/sveitsi-edited-150x150.jpg 150w, https:\/\/ainoraivio.fi\/wp-content\/uploads\/2024\/05\/sveitsi-edited-768x768.jpg 768w\" sizes=\"auto, (max-width: 1200px) 100vw, 1200px\" \/><\/figure>\n\n\n\n<figure class=\"wp-block-image size-full is-resized has-custom-border\"><img loading=\"lazy\" decoding=\"async\" width=\"720\" height=\"720\" src=\"https:\/\/ainoraivio.fi\/wp-content\/uploads\/2024\/05\/doha-edited.jpg\" alt=\"\" class=\"wp-image-287\" style=\"border-radius:100px;width:350px\" srcset=\"https:\/\/ainoraivio.fi\/wp-content\/uploads\/2024\/05\/doha-edited.jpg 720w, https:\/\/ainoraivio.fi\/wp-content\/uploads\/2024\/05\/doha-edited-300x300.jpg 300w, https:\/\/ainoraivio.fi\/wp-content\/uploads\/2024\/05\/doha-edited-150x150.jpg 150w\" sizes=\"auto, (max-width: 720px) 100vw, 720px\" \/><\/figure>\n<\/div>\n\n\n\n<div class=\"wp-block-group is-content-justification-center is-layout-flex wp-container-core-group-is-layout-b02886af wp-block-group-is-layout-flex\">\n<figure class=\"wp-block-image size-large is-resized has-custom-border\"><img loading=\"lazy\" decoding=\"async\" width=\"1066\" height=\"800\" src=\"https:\/\/ainoraivio.fi\/wp-content\/uploads\/2024\/05\/15-73-edited.jpg\" alt=\"\" class=\"wp-image-293\" style=\"border-radius:100px;width:450px\" srcset=\"https:\/\/ainoraivio.fi\/wp-content\/uploads\/2024\/05\/15-73-edited.jpg 1066w, https:\/\/ainoraivio.fi\/wp-content\/uploads\/2024\/05\/15-73-edited-300x225.jpg 300w, https:\/\/ainoraivio.fi\/wp-content\/uploads\/2024\/05\/15-73-edited-1024x768.jpg 1024w, https:\/\/ainoraivio.fi\/wp-content\/uploads\/2024\/05\/15-73-edited-768x576.jpg 768w\" sizes=\"auto, (max-width: 1066px) 100vw, 1066px\" \/><\/figure>\n\n\n\n<p class=\"has-text-align-center wp-container-content-f22b2ade\">In Germany I had 1-2 horses all the time myself. My plan was to compete a lot, but unfortunately due to the horses and sometimes my own health issues I wasn&#8217;t able to do it as much as hoped. At home I trained my horses towards the higher classes and learned from Anna how to build a dressage horse from the beginning all the way to Grand Prix exercises. On my free time I taught my friends for fun to keep up with my training skills.<\/p>\n<\/div>\n\n\n\n<div class=\"wp-block-group is-content-justification-center is-nowrap is-layout-flex wp-container-core-group-is-layout-19a3e464 wp-block-group-is-layout-flex\">\n<figure class=\"wp-block-image size-large is-resized has-custom-border\"><img loading=\"lazy\" decoding=\"async\" width=\"2560\" height=\"2560\" src=\"https:\/\/ainoraivio.fi\/wp-content\/uploads\/2024\/05\/IMG_1249-edited-scaled.jpg\" alt=\"\" class=\"wp-image-295\" style=\"border-radius:100px;width:350px\" srcset=\"https:\/\/ainoraivio.fi\/wp-content\/uploads\/2024\/05\/IMG_1249-edited-scaled.jpg 2560w, https:\/\/ainoraivio.fi\/wp-content\/uploads\/2024\/05\/IMG_1249-edited-300x300.jpg 300w, https:\/\/ainoraivio.fi\/wp-content\/uploads\/2024\/05\/IMG_1249-edited-1024x1024.jpg 1024w, https:\/\/ainoraivio.fi\/wp-content\/uploads\/2024\/05\/IMG_1249-edited-150x150.jpg 150w, https:\/\/ainoraivio.fi\/wp-content\/uploads\/2024\/05\/IMG_1249-edited-768x768.jpg 768w, https:\/\/ainoraivio.fi\/wp-content\/uploads\/2024\/05\/IMG_1249-edited-1536x1536.jpg 1536w, https:\/\/ainoraivio.fi\/wp-content\/uploads\/2024\/05\/IMG_1249-edited-2048x2048.jpg 2048w\" sizes=\"auto, (max-width: 2560px) 100vw, 2560px\" \/><\/figure>\n\n\n\n<figure class=\"wp-block-image size-full is-resized has-custom-border\"><img loading=\"lazy\" decoding=\"async\" width=\"945\" height=\"945\" src=\"https:\/\/ainoraivio.fi\/wp-content\/uploads\/2024\/05\/q.png\" alt=\"\" class=\"wp-image-296\" style=\"border-radius:100px;aspect-ratio:1;object-fit:cover;width:350px\" srcset=\"https:\/\/ainoraivio.fi\/wp-content\/uploads\/2024\/05\/q.png 945w, https:\/\/ainoraivio.fi\/wp-content\/uploads\/2024\/05\/q-300x300.png 300w, https:\/\/ainoraivio.fi\/wp-content\/uploads\/2024\/05\/q-150x150.png 150w, https:\/\/ainoraivio.fi\/wp-content\/uploads\/2024\/05\/q-768x768.png 768w\" sizes=\"auto, (max-width: 945px) 100vw, 945px\" \/><\/figure>\n\n\n\n<figure class=\"wp-block-image size-full is-resized has-custom-border\"><img loading=\"lazy\" decoding=\"async\" width=\"945\" height=\"945\" src=\"https:\/\/ainoraivio.fi\/wp-content\/uploads\/2024\/05\/katsa.png\" alt=\"\" class=\"wp-image-297\" style=\"border-radius:100px;aspect-ratio:1;object-fit:cover;width:350px\" srcset=\"https:\/\/ainoraivio.fi\/wp-content\/uploads\/2024\/05\/katsa.png 945w, https:\/\/ainoraivio.fi\/wp-content\/uploads\/2024\/05\/katsa-300x300.png 300w, https:\/\/ainoraivio.fi\/wp-content\/uploads\/2024\/05\/katsa-150x150.png 150w, https:\/\/ainoraivio.fi\/wp-content\/uploads\/2024\/05\/katsa-768x768.png 768w\" sizes=\"auto, (max-width: 945px) 100vw, 945px\" \/><\/figure>\n<\/div>\n\n\n\n<div class=\"wp-block-group has-global-padding is-layout-constrained wp-container-core-group-is-layout-1c2ac5aa wp-block-group-is-layout-constrained\">\n<div class=\"wp-block-group is-layout-flex wp-block-group-is-layout-flex\">\n<p class=\"has-text-align-center wp-container-content-f22b2ade\">I moved back to Finland in May 2024, so my journey as an entrepreneur is only in the beginning. My goal is to find like minded clients and associates, with whom I can share my skills and knowledge of training, riding and taking care of the wellbeing of horses, so both us and the horses can feel good!<\/p>\n\n\n\n<figure class=\"wp-block-image size-full is-resized has-custom-border\"><img loading=\"lazy\" decoding=\"async\" width=\"745\" height=\"993\" src=\"https:\/\/ainoraivio.fi\/wp-content\/uploads\/2024\/05\/bianca.jpg\" alt=\"\" class=\"wp-image-298\" style=\"border-radius:100px;width:350px\" srcset=\"https:\/\/ainoraivio.fi\/wp-content\/uploads\/2024\/05\/bianca.jpg 745w, https:\/\/ainoraivio.fi\/wp-content\/uploads\/2024\/05\/bianca-225x300.jpg 225w\" sizes=\"auto, (max-width: 745px) 100vw, 745px\" \/><\/figure>\n<\/div>\n\n\n\n<p class=\"has-text-align-center\">Outside of work I spend time with my border collie Bianca, read books, and enjoy art and Finnish nature.<\/p>\n<\/div>\n<\/div>\n","protected":false},"excerpt":{"rendered":"<p>Horses have been the center of my life since I was a child. I started riding with icelandic horses at Teijan Talli (nowadays stable Furuvatni) in Pet\u00e4j\u00e4vesi when I was 9 years old. There I learned a vide variety of horsemanship skills and about the welfare of horses from the very beginning. I am still [&hellip;]<\/p>\n","protected":false},"author":1,"featured_media":0,"parent":30,"menu_order":0,"comment_status":"closed","ping_status":"closed","template":"toimivasuomisivu","meta":{"footnotes":""},"class_list":["post-32","page","type-page","status-publish","hentry"],"_links":{"self":[{"href":"https:\/\/ainoraivio.fi\/index.php\/wp-json\/wp\/v2\/pages\/32","targetHints":{"allow":["GET"]}}],"collection":[{"href":"https:\/\/ainoraivio.fi\/index.php\/wp-json\/wp\/v2\/pages"}],"about":[{"href":"https:\/\/ainoraivio.fi\/index.php\/wp-json\/wp\/v2\/types\/page"}],"author":[{"embeddable":true,"href":"https:\/\/ainoraivio.fi\/index.php\/wp-json\/wp\/v2\/users\/1"}],"replies":[{"embeddable":true,"href":"https:\/\/ainoraivio.fi\/index.php\/wp-json\/wp\/v2\/comments?post=32"}],"version-history":[{"count":6,"href":"https:\/\/ainoraivio.fi\/index.php\/wp-json\/wp\/v2\/pages\/32\/revisions"}],"predecessor-version":[{"id":477,"href":"https:\/\/ainoraivio.fi\/index.php\/wp-json\/wp\/v2\/pages\/32\/revisions\/477"}],"up":[{"embeddable":true,"href":"https:\/\/ainoraivio.fi\/index.php\/wp-json\/wp\/v2\/pages\/30"}],"wp:attachment":[{"href":"https:\/\/ainoraivio.fi\/index.php\/wp-json\/wp\/v2\/media?parent=32"}],"curies":[{"name":"wp","href":"https:\/\/api.w.org\/{rel}","templated":true}]}}