{"id":20,"date":"2024-05-21T16:30:28","date_gmt":"2024-05-21T16:30:28","guid":{"rendered":"https:\/\/ainoraivio.fi\/?page_id=20"},"modified":"2024-05-31T14:29:42","modified_gmt":"2024-05-31T14:29:42","slug":"yhteystiedot","status":"publish","type":"page","link":"https:\/\/ainoraivio.fi\/index.php\/suomi\/yhteystiedot\/","title":{"rendered":"Yhteystiedot"},"content":{"rendered":"\n<div class=\"wp-block-group has-global-padding is-layout-constrained wp-container-core-group-is-layout-1c2ac5aa wp-block-group-is-layout-constrained\">\n<div class=\"wp-block-columns is-layout-flex wp-container-core-columns-is-layout-9c22b1e3 wp-block-columns-is-layout-flex\">\n<div class=\"wp-block-column is-layout-flow wp-block-column-is-layout-flow\" style=\"flex-basis:100%\">\n<div class=\"wp-block-group has-global-padding is-layout-constrained wp-container-core-group-is-layout-eb97935a wp-block-group-is-layout-constrained\" style=\"padding-right:0;padding-left:0\">\n<figure class=\"wp-block-table alignwide is-style-stripes\"><table class=\"has-fixed-layout\"><tbody><tr><td>Puhelin \/ whatsapp<\/td><td>050 3606 905<\/td><\/tr><\/tbody><\/table><figcaption class=\"wp-element-caption\"><strong><em>Parhaiten tavoitat minut viestill\u00e4. En vastaa puhelimeen ty\u00f6skennelless\u00e4ni, joten j\u00e4t\u00e4th\u00e4n soittopyynn\u00f6n viestill\u00e4 ellen vastaa!<\/em><\/strong><\/figcaption><\/figure>\n\n\n\n<figure class=\"wp-block-table alignwide is-style-stripes\"><table class=\"has-fixed-layout\"><tbody><tr><td>S\u00e4hk\u00f6posti                    <\/td><td><a href=\"mailto:info@ainoraivio.fi\">info@ainoraivio.fi<\/a><\/td><\/tr><tr><td><\/td><td><\/td><\/tr><tr><td>Instagram<\/td><td><a href=\"https:\/\/www.instagram.com\/tmi_aino_raivio\/\">@tmi_aino_raivio<\/a><\/td><\/tr><tr><td><\/td><td><\/td><\/tr><tr><td>Facebook<\/td><td><a href=\"https:\/\/www.facebook.com\/profile.php?id=61559549227516&amp;__cft__[0]=AZWA8cj-pkCARYkY16w9bPWl7cqoHhpDWFAXI49jnHQR8Dt244b7Y72hb3lubKgPz5htr7QGqCUtwA0Dtt9L6vPBdlY2OtTIwmd5lrRiwp8M1l2lUNy7ibXzcY1qeIVcldh8rsNt4ZCOzu-ae9xEu3bpGpdounjEATV246n5bCGymVG-7xO5RHimSboIs55rE9myXWYO6oGPES_1pfy9lUtLKS560z4HmPVYvYUml_1hKg&amp;__tn__=-]K-R\">Tmi Aino Raivio<\/a><\/td><\/tr><\/tbody><\/table><\/figure>\n\n\n\n<p class=\"has-base-2-color has-text-color has-link-color wp-elements-b3c78daeed178b6c15a31b14dd5cfd44\">..<\/p>\n\n\n\n<figure class=\"wp-block-table alignwide is-style-stripes\"><table class=\"has-fixed-layout\"><tbody><tr><td>Yrityksen tiedot<\/td><td><\/td><\/tr><tr><td>tmi Aino Raivio<\/td><td><\/td><\/tr><tr><td>Y-tunnus<\/td><td>3446179-6<\/td><\/tr><tr><td>ALV-tunnus<\/td><td>FI34461796<\/td><\/tr><tr><td>IBAN<\/td><td>FI73 5339 0820 0741 37<\/td><\/tr><tr><td>Kotipaikka        <\/td><td>Jyv\u00e4skyl\u00e4<\/td><\/tr><\/tbody><\/table><\/figure>\n\n\n\n<p class=\"has-base-2-color has-text-color has-link-color wp-elements-b3c78daeed178b6c15a31b14dd5cfd44\">..<\/p>\n<\/div>\n<\/div>\n<\/div>\n\n\n\n<p class=\"has-text-align-center\">Ottamalla yhteytt\u00e4 hyv\u00e4ksyt sen, ett\u00e4 yritys tallentaa joitakin henkil\u00f6tietojasi, kuten s\u00e4hk\u00f6postiosoite tai puhelinnumero.<\/p>\n\n\n\n<p class=\"has-text-align-center\">Jos haluat tiet\u00e4\u00e4 lis\u00e4\u00e4 tietojesi k\u00e4yt\u00f6st\u00e4 ja oikeuksistasi, luethan <a href=\"https:\/\/ainoraivio.fi\/index.php\/tietosuojaseloste\/\" data-type=\"page\" data-id=\"494\">tietosuojaselosteen<\/a>.<\/p>\n\n\n\n<div class=\"wp-block-group is-content-justification-center is-nowrap is-layout-flex wp-container-core-group-is-layout-19a3e464 wp-block-group-is-layout-flex\">\n<figure class=\"wp-block-image size-large is-resized has-custom-border\"><img loading=\"lazy\" decoding=\"async\" width=\"1024\" height=\"684\" src=\"https:\/\/ainoraivio.fi\/wp-content\/uploads\/2024\/05\/IMG_3506-1-1024x684.jpg\" alt=\"\" class=\"wp-image-104\" style=\"border-radius:100px;aspect-ratio:1;object-fit:cover;width:325px\" srcset=\"https:\/\/ainoraivio.fi\/wp-content\/uploads\/2024\/05\/IMG_3506-1-1024x684.jpg 1024w, https:\/\/ainoraivio.fi\/wp-content\/uploads\/2024\/05\/IMG_3506-1-300x200.jpg 300w, https:\/\/ainoraivio.fi\/wp-content\/uploads\/2024\/05\/IMG_3506-1-768x513.jpg 768w, https:\/\/ainoraivio.fi\/wp-content\/uploads\/2024\/05\/IMG_3506-1-1536x1025.jpg 1536w, https:\/\/ainoraivio.fi\/wp-content\/uploads\/2024\/05\/IMG_3506-1-2048x1367.jpg 2048w\" sizes=\"auto, (max-width: 1024px) 100vw, 1024px\" \/><\/figure>\n\n\n\n<figure class=\"wp-block-image size-large is-resized has-custom-border\"><img loading=\"lazy\" decoding=\"async\" width=\"1024\" height=\"684\" src=\"https:\/\/ainoraivio.fi\/wp-content\/uploads\/2024\/05\/IMG_4078-1024x684.jpg\" alt=\"\" class=\"wp-image-247\" style=\"border-radius:100px;aspect-ratio:1;object-fit:cover;width:325px\" srcset=\"https:\/\/ainoraivio.fi\/wp-content\/uploads\/2024\/05\/IMG_4078-1024x684.jpg 1024w, https:\/\/ainoraivio.fi\/wp-content\/uploads\/2024\/05\/IMG_4078-300x200.jpg 300w, https:\/\/ainoraivio.fi\/wp-content\/uploads\/2024\/05\/IMG_4078-768x513.jpg 768w, https:\/\/ainoraivio.fi\/wp-content\/uploads\/2024\/05\/IMG_4078-1536x1025.jpg 1536w, https:\/\/ainoraivio.fi\/wp-content\/uploads\/2024\/05\/IMG_4078-2048x1367.jpg 2048w\" sizes=\"auto, (max-width: 1024px) 100vw, 1024px\" \/><\/figure>\n\n\n\n<figure class=\"wp-block-image size-large is-resized has-custom-border is-style-default\"><img loading=\"lazy\" decoding=\"async\" width=\"768\" height=\"1024\" src=\"https:\/\/ainoraivio.fi\/wp-content\/uploads\/2024\/05\/IMG_20180526_132150-768x1024.jpg\" alt=\"\" class=\"wp-image-116\" style=\"border-radius:100px;aspect-ratio:1;object-fit:cover;width:325px\" srcset=\"https:\/\/ainoraivio.fi\/wp-content\/uploads\/2024\/05\/IMG_20180526_132150-768x1024.jpg 768w, https:\/\/ainoraivio.fi\/wp-content\/uploads\/2024\/05\/IMG_20180526_132150-225x300.jpg 225w, https:\/\/ainoraivio.fi\/wp-content\/uploads\/2024\/05\/IMG_20180526_132150-1152x1536.jpg 1152w, https:\/\/ainoraivio.fi\/wp-content\/uploads\/2024\/05\/IMG_20180526_132150-1536x2048.jpg 1536w, https:\/\/ainoraivio.fi\/wp-content\/uploads\/2024\/05\/IMG_20180526_132150-scaled.jpg 1920w\" sizes=\"auto, (max-width: 768px) 100vw, 768px\" \/><\/figure>\n<\/div>\n\n\n\n<p class=\"has-base-2-color has-text-color has-link-color wp-elements-b3c78daeed178b6c15a31b14dd5cfd44\">..<\/p>\n<\/div>\n","protected":false},"excerpt":{"rendered":"<p>Puhelin \/ whatsapp 050 3606 905 Parhaiten tavoitat minut viestill\u00e4. En vastaa puhelimeen ty\u00f6skennelless\u00e4ni, joten j\u00e4t\u00e4th\u00e4n soittopyynn\u00f6n viestill\u00e4 ellen vastaa! S\u00e4hk\u00f6posti info@ainoraivio.fi Instagram @tmi_aino_raivio Facebook Tmi Aino Raivio .. Yrityksen tiedot tmi Aino Raivio Y-tunnus 3446179-6 ALV-tunnus FI34461796 IBAN FI73 5339 0820 0741 37 Kotipaikka Jyv\u00e4skyl\u00e4 .. Ottamalla yhteytt\u00e4 hyv\u00e4ksyt sen, ett\u00e4 yritys tallentaa joitakin [&hellip;]<\/p>\n","protected":false},"author":1,"featured_media":0,"parent":28,"menu_order":0,"comment_status":"closed","ping_status":"closed","template":"toimivasuomisivu","meta":{"footnotes":""},"class_list":["post-20","page","type-page","status-publish","hentry"],"_links":{"self":[{"href":"https:\/\/ainoraivio.fi\/index.php\/wp-json\/wp\/v2\/pages\/20","targetHints":{"allow":["GET"]}}],"collection":[{"href":"https:\/\/ainoraivio.fi\/index.php\/wp-json\/wp\/v2\/pages"}],"about":[{"href":"https:\/\/ainoraivio.fi\/index.php\/wp-json\/wp\/v2\/types\/page"}],"author":[{"embeddable":true,"href":"https:\/\/ainoraivio.fi\/index.php\/wp-json\/wp\/v2\/users\/1"}],"replies":[{"embeddable":true,"href":"https:\/\/ainoraivio.fi\/index.php\/wp-json\/wp\/v2\/comments?post=20"}],"version-history":[{"count":9,"href":"https:\/\/ainoraivio.fi\/index.php\/wp-json\/wp\/v2\/pages\/20\/revisions"}],"predecessor-version":[{"id":517,"href":"https:\/\/ainoraivio.fi\/index.php\/wp-json\/wp\/v2\/pages\/20\/revisions\/517"}],"up":[{"embeddable":true,"href":"https:\/\/ainoraivio.fi\/index.php\/wp-json\/wp\/v2\/pages\/28"}],"wp:attachment":[{"href":"https:\/\/ainoraivio.fi\/index.php\/wp-json\/wp\/v2\/media?parent=20"}],"curies":[{"name":"wp","href":"https:\/\/api.w.org\/{rel}","templated":true}]}}