{"id":16,"date":"2024-05-21T16:30:08","date_gmt":"2024-05-21T16:30:08","guid":{"rendered":"https:\/\/ainoraivio.fi\/?page_id=16"},"modified":"2024-05-31T14:47:32","modified_gmt":"2024-05-31T14:47:32","slug":"palvelut","status":"publish","type":"page","link":"https:\/\/ainoraivio.fi\/index.php\/suomi\/palvelut\/","title":{"rendered":"Palvelut"},"content":{"rendered":"\n<main class=\"wp-block-group is-layout-flow wp-block-group-is-layout-flow\">\n<div class=\"wp-block-group has-global-padding is-layout-constrained wp-container-core-group-is-layout-1c2ac5aa wp-block-group-is-layout-constrained\">\n<p class=\"has-text-align-center\">Jos et l\u00f6yd\u00e4 tarpeisiisi vastaavaa palvelua, niin ota rohkeasti yhteytt\u00e4 ja laaditaan sinulle sopiva ratkaisu!<\/p>\n\n\n\n<p><\/p>\n\n\n\n<details class=\"wp-block-details has-heading-font-family has-large-font-size is-layout-flow wp-block-details-is-layout-flow\" style=\"margin-right:var(--wp--preset--spacing--50);margin-left:var(--wp--preset--spacing--50)\"><summary>Valmennukset<\/summary>\n<p class=\"has-body-font-family has-medium-font-size\" style=\"margin-right:var(--wp--preset--spacing--30);margin-left:var(--wp--preset--spacing--30)\">Saatavilla my\u00f6s et\u00e4n\u00e4! Aiheena voi olla esimerkiksi:<\/p>\n\n\n\n<details class=\"wp-block-details has-body-font-family has-medium-font-size is-layout-flow wp-block-details-is-layout-flow\" style=\"margin-right:var(--wp--preset--spacing--30);margin-left:var(--wp--preset--spacing--30)\"><summary>Kouluratsastus, alkeista aina vaikealle tasolle saakka.<\/summary>\n<p class=\"has-medium-font-size\" style=\"margin-right:var(--wp--preset--spacing--30);margin-left:var(--wp--preset--spacing--30)\">Valmennus on tarjolla kaiken tasoisille ja kokoisille ratsukoille. Voimme harjoitella kevent\u00e4mist\u00e4 tasapainossa, tai treenata piaffe-passage siirtymisi\u00e4, kaikki hevoset ovat samanarvoisia ja valmennuksen t\u00e4rkein tavoite on yhteisen harmonian ja liikkumisen ilon l\u00f6ytyminen.<\/p>\n\n\n\n<p class=\"has-medium-font-size\" style=\"margin-right:var(--wp--preset--spacing--30);margin-left:var(--wp--preset--spacing--30)\">Hevosurani aikana olen ratsastanut hevosia laajasti suomenhevosista issikoihin ja ex-ravureista huipputason kouluratsuihin, joten l\u00f6yd\u00e4mme varmasti parhaat harjoitukset juuri sinun hevosellesi tavoitteistasi riippumatta.<\/p>\n\n\n\n<p class=\"has-medium-font-size\" style=\"margin-right:var(--wp--preset--spacing--30);margin-left:var(--wp--preset--spacing--30)\">Valmennuksissa edet\u00e4\u00e4n aina tavoitteista ja l\u00e4ht\u00f6tasosta riippuen, huolehtien aina hevosen hyvinvoinnista ja keskityt\u00e4\u00e4n yhteisen harmonian l\u00f6ytymiseen hyv\u00e4n istunnan ja kevyiden apujen kautta.<\/p>\n<\/details>\n\n\n\n<details class=\"wp-block-details has-body-font-family has-medium-font-size is-layout-flow wp-block-details-is-layout-flow\" style=\"margin-right:var(--wp--preset--spacing--30);margin-left:var(--wp--preset--spacing--30)\"><summary>Maastaty\u00f6skentely<\/summary>\n<p class=\"has-medium-font-size\" style=\"margin-right:var(--wp--preset--spacing--30);margin-left:var(--wp--preset--spacing--30)\">Hevosen kanssa voi ty\u00f6skennell\u00e4 monella eri tavalla my\u00f6s maasta k\u00e4sin. Valmennus sopii sinulle jos tarvitset apua tai haluat kehitt\u00e4\u00e4 taitojasi esimerkiksi hevosen jumppaamisessa erilaisilla my\u00f6t\u00e4yksill\u00e4, juoksutuksessa, talutuksessa tai ratsastusharjoitusten tekemisess\u00e4 maasta.<\/p>\n<\/details>\n\n\n\n<details class=\"wp-block-details has-body-font-family has-medium-font-size is-layout-flow wp-block-details-is-layout-flow\" style=\"margin-right:var(--wp--preset--spacing--30);margin-left:var(--wp--preset--spacing--30)\"><summary>Oman hevosen kouluttaminen<\/summary>\n<p class=\"has-medium-font-size\" style=\"margin-right:var(--wp--preset--spacing--30);margin-left:var(--wp--preset--spacing--30)\">Oletko aina halunnut kasvaa ja kehitty\u00e4 yhdess\u00e4 hevosesi kanssa, tai onko hevosesi koulutuksessa puutteita, ja haluaisit osata ratkaista vastaan tulevat ongelmat itse? Haluaisitko opettaa hevosellesi p\u00e4iv\u00e4\u00e4 pirist\u00e4vi\u00e4 temppuja? Haluatko parantaa hevosesi ja sinun v\u00e4list\u00e4 luottamusta opettamalla hevosellesi kuinka toimia j\u00e4nnitt\u00e4viss\u00e4 tilanteissa? Voimme keskitty\u00e4 valmennuksessa siihen, miten juuri sinun hevosesi oppii, ja halutessasi voit tehd\u00e4 kaikki koulutuksen vaiheet itse, oli tavoite mik\u00e4 tahansa, kun olen mukana neuvomassa ja ohjaamassa.<\/p>\n<\/details>\n<\/details>\n\n\n\n<details class=\"wp-block-details has-heading-font-family has-large-font-size is-layout-flow wp-block-details-is-layout-flow\" style=\"margin-right:var(--wp--preset--spacing--50);margin-left:var(--wp--preset--spacing--50)\"><summary>Hevosten koulutus<\/summary>\n<details class=\"wp-block-details has-body-font-family has-medium-font-size is-layout-flow wp-block-details-is-layout-flow\" style=\"margin-right:var(--wp--preset--spacing--30);margin-left:var(--wp--preset--spacing--30)\"><summary>Ratsutus<\/summary>\n<p style=\"margin-top:var(--wp--preset--spacing--10);margin-right:var(--wp--preset--spacing--30);margin-bottom:var(--wp--preset--spacing--10);margin-left:var(--wp--preset--spacing--30)\">Kaiken ik\u00e4isille ja tasoisille hevosille, aina Grand Prix teht\u00e4viin saakka. Pikkuponeille olen liian suuri ratsastaja, mutta muuten koollakaan ei ole v\u00e4li\u00e4. Sek\u00e4 yksitt\u00e4inen korjausratsastus, ett\u00e4 pitk\u00e4aikainen ja tavoitteellinen ratsutus.<\/p>\n\n\n\n<p style=\"margin-right:var(--wp--preset--spacing--30);margin-left:var(--wp--preset--spacing--30)\">Ratsutukseen kuuluu aina my\u00f6s maastak\u00e4sittely\u00e4 ilman lis\u00e4kustannuksia.<\/p>\n<\/details>\n\n\n\n<details class=\"wp-block-details has-body-font-family has-medium-font-size is-layout-flow wp-block-details-is-layout-flow\" style=\"margin-right:var(--wp--preset--spacing--30);margin-left:var(--wp--preset--spacing--30)\"><summary>Maastak\u00e4sin koulutus<\/summary>\n<p class=\"has-medium-font-size\" style=\"margin-right:var(--wp--preset--spacing--30);margin-left:var(--wp--preset--spacing--30)\">Kaiken tasoisille hevosille, mm. varsojen alkuopetus, ratsastukseen valmistelu, juoksuttaminen.<\/p>\n<\/details>\n\n\n\n<details class=\"wp-block-details has-body-font-family has-medium-font-size is-layout-flow wp-block-details-is-layout-flow\" style=\"margin-right:var(--wp--preset--spacing--30);margin-left:var(--wp--preset--spacing--30)\"><summary>Ratkaisut ongelmatilanteisiin<\/summary>\n<p class=\"has-medium-font-size\" style=\"margin-right:var(--wp--preset--spacing--30);margin-left:var(--wp--preset--spacing--30)\">Pelk\u00e4\u00e4k\u00f6 hevosesi kovia \u00e4\u00e4ni\u00e4, heiluvia pressuja tai vesilammikoita? Onko ratsusi liikenneturvallisuudessa parantamisen varaa? Kuluuko lastaamiseen joka kerta tuntikaupalla aikaa? Onko hevosesi varustamisessa ongelmia tai eik\u00f6 se ole miellytt\u00e4v\u00e4 taluttaa? Eik\u00f6 hevosesi seiso paikallaan selk\u00e4\u00e4n noustessa?<\/p>\n\n\n\n<p style=\"margin-right:var(--wp--preset--spacing--30);margin-left:var(--wp--preset--spacing--30)\">Ei h\u00e4t\u00e4\u00e4, voin auttaa. N\u00e4ihin ja lukemattomiin muihinkin arjen ongelmiin l\u00f6ytyy ratkaisut. Parhaiten koulutus toimii yhdess\u00e4 hevosta p\u00e4ivitt\u00e4in k\u00e4sittelevien ihmisten kanssa ongelman palaamisen v\u00e4ltt\u00e4miseksi. Ota yhteytt\u00e4 ja kerro mik\u00e4 asia arjessa tuottaa hankaluuksia, niin sovitaan juuri sinulle sopiva koulutussuunnitelma.<\/p>\n<\/details>\n<\/details>\n\n\n\n<details class=\"wp-block-details has-heading-font-family has-large-font-size is-layout-flow wp-block-details-is-layout-flow\" style=\"margin-right:var(--wp--preset--spacing--50);margin-left:var(--wp--preset--spacing--50)\"><summary>Letitys<\/summary>\n<p class=\"has-body-font-family has-medium-font-size\" style=\"margin-right:var(--wp--preset--spacing--30);margin-left:var(--wp--preset--spacing--30)\">Ovatko edess\u00e4 kauden t\u00e4rkeimm\u00e4t kilpailut tai valokuvaushetki? Voin tehd\u00e4 hevosellesi huipputason kampauksen, jotta t\u00e4rke\u00e4 hetkesi olisi t\u00e4ydellinen.<\/p>\n<\/details>\n\n\n\n<details class=\"wp-block-details has-heading-font-family has-large-font-size is-layout-flow wp-block-details-is-layout-flow\" style=\"margin-right:var(--wp--preset--spacing--50);margin-left:var(--wp--preset--spacing--50)\"><summary>Yrityksille<\/summary>\n<details class=\"wp-block-details has-body-font-family has-medium-font-size is-layout-flow wp-block-details-is-layout-flow\" style=\"margin-right:var(--wp--preset--spacing--30);margin-left:var(--wp--preset--spacing--30)\"><summary>Hevosenhoitokurssit<\/summary>\n<p class=\"has-medium-font-size\" style=\"margin-right:var(--wp--preset--spacing--30);margin-left:var(--wp--preset--spacing--30)\">Aiheena voi olla letitys, siistiminen, kilpailuihin valmistautuminen tai klippaus. Huipputason hevosenhoitajan kokemuksellani voin kertoa parhaat vinkit hevosenhoitoon. Ota yhteytt\u00e4, niin laaditaan juuri sinulle sopivan pituinen ja laajuinen kurssi.<\/p>\n<\/details>\n\n\n\n<details class=\"wp-block-details has-body-font-family has-medium-font-size is-layout-flow wp-block-details-is-layout-flow\" style=\"margin-right:var(--wp--preset--spacing--30);margin-left:var(--wp--preset--spacing--30)\"><summary>Ratsastustunnit<\/summary>\n<p class=\"has-medium-font-size\" style=\"margin-right:var(--wp--preset--spacing--30);margin-left:var(--wp--preset--spacing--30)\">Ratsastustuntien (kouluratsastus, alkeisesteet ja maastoretket) pito Keski-Suomen ratsastuskouluissa ja harrastetalleilla koulutetun ratsastuksenohjaajan toimesta. Jatkuva yhteisty\u00f6, sek\u00e4 my\u00f6s yksitt\u00e4iset\/lyhytaikaiset sijaisuudet. Kysy lis\u00e4\u00e4!<\/p>\n<\/details>\n\n\n\n<details class=\"wp-block-details has-body-font-family has-medium-font-size is-layout-flow wp-block-details-is-layout-flow\" style=\"margin-right:var(--wp--preset--spacing--30);margin-left:var(--wp--preset--spacing--30)\"><summary>Hevosten koulutus<\/summary>\n<p class=\"has-medium-font-size\" style=\"margin-right:var(--wp--preset--spacing--30);margin-left:var(--wp--preset--spacing--30)\">Kaikki yll\u00e4mainitut hevostenkoulutuspalvelut ovat saatavilla my\u00f6s yrityksille.<\/p>\n<\/details>\n\n\n\n<p class=\"has-body-font-family has-medium-font-size\" style=\"margin-right:var(--wp--preset--spacing--30);margin-left:var(--wp--preset--spacing--30)\">       .<\/p>\n<\/details>\n\n\n\n<p class=\"has-base-2-color has-text-color has-link-color has-large-font-size wp-elements-68baa2564e8020b5c1a4dc5753643f32\">.<\/p>\n\n\n\n<div class=\"wp-block-group has-global-padding is-layout-constrained wp-container-core-group-is-layout-1c2ac5aa wp-block-group-is-layout-constrained\">\n<div class=\"wp-block-group is-content-justification-center is-nowrap is-layout-flex wp-container-core-group-is-layout-19a3e464 wp-block-group-is-layout-flex\">\n<figure class=\"wp-block-image size-large is-resized has-custom-border\"><img loading=\"lazy\" decoding=\"async\" width=\"2560\" height=\"2560\" src=\"https:\/\/ainoraivio.fi\/wp-content\/uploads\/2024\/05\/IMG_20190624_105336-edited-scaled.jpg\" alt=\"\" class=\"wp-image-203\" style=\"border-radius:100px;object-fit:contain;width:310px;height:auto\" srcset=\"https:\/\/ainoraivio.fi\/wp-content\/uploads\/2024\/05\/IMG_20190624_105336-edited-scaled.jpg 2560w, https:\/\/ainoraivio.fi\/wp-content\/uploads\/2024\/05\/IMG_20190624_105336-edited-300x300.jpg 300w, https:\/\/ainoraivio.fi\/wp-content\/uploads\/2024\/05\/IMG_20190624_105336-edited-1024x1024.jpg 1024w, https:\/\/ainoraivio.fi\/wp-content\/uploads\/2024\/05\/IMG_20190624_105336-edited-150x150.jpg 150w, https:\/\/ainoraivio.fi\/wp-content\/uploads\/2024\/05\/IMG_20190624_105336-edited-768x768.jpg 768w, https:\/\/ainoraivio.fi\/wp-content\/uploads\/2024\/05\/IMG_20190624_105336-edited-1536x1536.jpg 1536w, https:\/\/ainoraivio.fi\/wp-content\/uploads\/2024\/05\/IMG_20190624_105336-edited-2048x2048.jpg 2048w\" sizes=\"auto, (max-width: 2560px) 100vw, 2560px\" \/><\/figure>\n\n\n\n<figure class=\"wp-block-image size-large is-resized has-custom-border\"><img loading=\"lazy\" decoding=\"async\" width=\"1024\" height=\"683\" src=\"https:\/\/ainoraivio.fi\/wp-content\/uploads\/2024\/05\/arto4-1024x683.jpg\" alt=\"\" class=\"wp-image-70\" style=\"border-radius:100px;aspect-ratio:1;object-fit:cover;width:310px;height:auto\" srcset=\"https:\/\/ainoraivio.fi\/wp-content\/uploads\/2024\/05\/arto4-1024x683.jpg 1024w, https:\/\/ainoraivio.fi\/wp-content\/uploads\/2024\/05\/arto4-300x200.jpg 300w, https:\/\/ainoraivio.fi\/wp-content\/uploads\/2024\/05\/arto4-768x512.jpg 768w, https:\/\/ainoraivio.fi\/wp-content\/uploads\/2024\/05\/arto4-1536x1024.jpg 1536w, https:\/\/ainoraivio.fi\/wp-content\/uploads\/2024\/05\/arto4-2048x1365.jpg 2048w\" sizes=\"auto, (max-width: 1024px) 100vw, 1024px\" \/><\/figure>\n\n\n\n<figure class=\"wp-block-image size-large is-resized has-custom-border is-style-default\"><img loading=\"lazy\" decoding=\"async\" width=\"1024\" height=\"701\" src=\"https:\/\/ainoraivio.fi\/wp-content\/uploads\/2024\/05\/soossi-1024x701.jpg\" alt=\"\" class=\"wp-image-205\" style=\"border-radius:100px;aspect-ratio:1;object-fit:cover;width:310px;height:auto\" srcset=\"https:\/\/ainoraivio.fi\/wp-content\/uploads\/2024\/05\/soossi-1024x701.jpg 1024w, https:\/\/ainoraivio.fi\/wp-content\/uploads\/2024\/05\/soossi-300x205.jpg 300w, https:\/\/ainoraivio.fi\/wp-content\/uploads\/2024\/05\/soossi-768x526.jpg 768w, https:\/\/ainoraivio.fi\/wp-content\/uploads\/2024\/05\/soossi-1536x1052.jpg 1536w, https:\/\/ainoraivio.fi\/wp-content\/uploads\/2024\/05\/soossi-2048x1403.jpg 2048w\" sizes=\"auto, (max-width: 1024px) 100vw, 1024px\" \/><\/figure>\n<\/div>\n\n\n\n<p class=\"has-base-2-color has-text-color has-link-color has-large-font-size wp-elements-68baa2564e8020b5c1a4dc5753643f32\">.<\/p>\n<\/div>\n<\/div>\n<\/main>\n","protected":false},"excerpt":{"rendered":"<p>Jos et l\u00f6yd\u00e4 tarpeisiisi vastaavaa palvelua, niin ota rohkeasti yhteytt\u00e4 ja laaditaan sinulle sopiva ratkaisu! . .<\/p>\n","protected":false},"author":1,"featured_media":0,"parent":28,"menu_order":0,"comment_status":"closed","ping_status":"closed","template":"toimivasuomisivu","meta":{"footnotes":""},"class_list":["post-16","page","type-page","status-publish","hentry"],"_links":{"self":[{"href":"https:\/\/ainoraivio.fi\/index.php\/wp-json\/wp\/v2\/pages\/16","targetHints":{"allow":["GET"]}}],"collection":[{"href":"https:\/\/ainoraivio.fi\/index.php\/wp-json\/wp\/v2\/pages"}],"about":[{"href":"https:\/\/ainoraivio.fi\/index.php\/wp-json\/wp\/v2\/types\/page"}],"author":[{"embeddable":true,"href":"https:\/\/ainoraivio.fi\/index.php\/wp-json\/wp\/v2\/users\/1"}],"replies":[{"embeddable":true,"href":"https:\/\/ainoraivio.fi\/index.php\/wp-json\/wp\/v2\/comments?post=16"}],"version-history":[{"count":7,"href":"https:\/\/ainoraivio.fi\/index.php\/wp-json\/wp\/v2\/pages\/16\/revisions"}],"predecessor-version":[{"id":523,"href":"https:\/\/ainoraivio.fi\/index.php\/wp-json\/wp\/v2\/pages\/16\/revisions\/523"}],"up":[{"embeddable":true,"href":"https:\/\/ainoraivio.fi\/index.php\/wp-json\/wp\/v2\/pages\/28"}],"wp:attachment":[{"href":"https:\/\/ainoraivio.fi\/index.php\/wp-json\/wp\/v2\/media?parent=16"}],"curies":[{"name":"wp","href":"https:\/\/api.w.org\/{rel}","templated":true}]}}