{"id":14,"date":"2024-05-21T16:29:57","date_gmt":"2024-05-21T16:29:57","guid":{"rendered":"https:\/\/ainoraivio.fi\/?page_id=14"},"modified":"2024-05-30T14:07:48","modified_gmt":"2024-05-30T14:07:48","slug":"yrittaja","status":"publish","type":"page","link":"https:\/\/ainoraivio.fi\/index.php\/suomi\/yrittaja\/","title":{"rendered":"Yritt\u00e4j\u00e4 Aino Raivio"},"content":{"rendered":"\n<div class=\"wp-block-group is-layout-flow wp-block-group-is-layout-flow\" style=\"margin-top:0;margin-bottom:0;padding-right:var(--wp--preset--spacing--60);padding-left:var(--wp--preset--spacing--60)\">\n<div class=\"wp-block-group is-nowrap is-layout-flex wp-container-core-group-is-layout-6c531013 wp-block-group-is-layout-flex\">\n<div class=\"wp-block-group is-nowrap is-layout-flex wp-container-core-group-is-layout-6c531013 wp-block-group-is-layout-flex\">\n<div class=\"wp-block-group is-content-justification-center is-layout-flex wp-container-core-group-is-layout-8a18a5c6 wp-block-group-is-layout-flex\" style=\"min-height:0px;padding-right:var(--wp--preset--spacing--10);padding-left:var(--wp--preset--spacing--10)\">\n<figure class=\"wp-block-image size-large is-resized has-custom-border\"><img loading=\"lazy\" decoding=\"async\" width=\"683\" height=\"1024\" src=\"https:\/\/ainoraivio.fi\/wp-content\/uploads\/2024\/05\/poseeraus-683x1024.jpg\" alt=\"\" class=\"wp-image-92\" style=\"border-radius:100px;aspect-ratio:3\/4;object-fit:cover;width:350px\" srcset=\"https:\/\/ainoraivio.fi\/wp-content\/uploads\/2024\/05\/poseeraus-683x1024.jpg 683w, https:\/\/ainoraivio.fi\/wp-content\/uploads\/2024\/05\/poseeraus-200x300.jpg 200w, https:\/\/ainoraivio.fi\/wp-content\/uploads\/2024\/05\/poseeraus-768x1152.jpg 768w, https:\/\/ainoraivio.fi\/wp-content\/uploads\/2024\/05\/poseeraus-1024x1536.jpg 1024w, https:\/\/ainoraivio.fi\/wp-content\/uploads\/2024\/05\/poseeraus-1365x2048.jpg 1365w, https:\/\/ainoraivio.fi\/wp-content\/uploads\/2024\/05\/poseeraus-scaled.jpg 1707w\" sizes=\"auto, (max-width: 683px) 100vw, 683px\" \/><\/figure>\n\n\n\n<p class=\"has-text-align-center wp-container-content-432d1f4f\">Hevoset ovat olleet el\u00e4m\u00e4ni keskipiste lapsesta saakka. Aloitin hevostelun 9-vuotiaana islanninhevosilla Teijan Tallilla (nykyisin talli Furuvatni) Pet\u00e4j\u00e4vedell\u00e4, ja p\u00e4\u00e4sin heti alusta alkaen oppimaan monipuolisesti hevosista ja niiden hyvinvoinnista. Olen edelleen onnellinen siit\u00e4, ett\u00e4 alkutaipaleeni hevosten kanssa oli niin hyv\u00e4ll\u00e4 tallilla, jossa oikesti v\u00e4litettiin siit\u00e4, mit\u00e4 hevosille kuuluu. V\u00e4h\u00e4n vanhempana vuokrasin my\u00f6s useita hevosia joiden kanssa valmentauduin, kunnes peruskoulun j\u00e4lkeen l\u00e4hdin Yp\u00e4j\u00e4n Hevosopistolle opiskelemaan. Suoritin hevosenhoitajan perustutkinnon erikoistuen ratsuhevosten kouluttamiseen, ja jatkoin sen j\u00e4lkeen viel\u00e4 KROI-linjan ratsastuksenohjaajaopintoihin. Ty\u00f6ss\u00e4oppimisjaksot vietin J\u00e4ms\u00e4ss\u00e4 Teija Sillgrenin opissa (tmi. Hevosen Henk\u00e4ys) ja Englannissa Kyra Kyrklundin ja Richard Whiten tallilla. Ty\u00f6ss\u00e4oppimiset vahvistivat taitojani ja kyky\u00e4ni arvioida hevosten hyvinvointia, opistolla taas p\u00e4\u00e4sin ratsastamaan ja kilpailemaan todella paljon erilaisilla hevosilla, ja opin paljon hevosalasta laajana kokonaisuutena.<\/p>\n\n\n\n<figure class=\"wp-block-image size-full is-resized has-custom-border\"><img loading=\"lazy\" decoding=\"async\" width=\"564\" height=\"720\" src=\"https:\/\/ainoraivio.fi\/wp-content\/uploads\/2024\/05\/hronn.jpg\" alt=\"\" class=\"wp-image-263\" style=\"border-radius:100px;aspect-ratio:3\/4;object-fit:cover;width:350px\" srcset=\"https:\/\/ainoraivio.fi\/wp-content\/uploads\/2024\/05\/hronn.jpg 564w, https:\/\/ainoraivio.fi\/wp-content\/uploads\/2024\/05\/hronn-235x300.jpg 235w\" sizes=\"auto, (max-width: 564px) 100vw, 564px\" \/><\/figure>\n<\/div>\n<\/div>\n<\/div>\n\n\n\n<div class=\"wp-block-group is-content-justification-center is-nowrap is-layout-flex wp-container-core-group-is-layout-b3541762 wp-block-group-is-layout-flex\" style=\"padding-right:0;padding-left:0\">\n<figure class=\"wp-block-image size-full is-resized has-custom-border\"><img loading=\"lazy\" decoding=\"async\" width=\"683\" height=\"683\" src=\"https:\/\/ainoraivio.fi\/wp-content\/uploads\/2024\/05\/isanta-edited.jpg\" alt=\"\" class=\"wp-image-280\" style=\"border-radius:100px;width:350px\" srcset=\"https:\/\/ainoraivio.fi\/wp-content\/uploads\/2024\/05\/isanta-edited.jpg 683w, https:\/\/ainoraivio.fi\/wp-content\/uploads\/2024\/05\/isanta-edited-300x300.jpg 300w, https:\/\/ainoraivio.fi\/wp-content\/uploads\/2024\/05\/isanta-edited-150x150.jpg 150w\" sizes=\"auto, (max-width: 683px) 100vw, 683px\" \/><\/figure>\n\n\n\n<figure class=\"wp-block-image size-large is-resized has-custom-border\"><img loading=\"lazy\" decoding=\"async\" width=\"1066\" height=\"1066\" src=\"https:\/\/ainoraivio.fi\/wp-content\/uploads\/2024\/05\/artsi2-edited.jpg\" alt=\"\" class=\"wp-image-278\" style=\"border-radius:100px;aspect-ratio:1;object-fit:cover;width:350px\" srcset=\"https:\/\/ainoraivio.fi\/wp-content\/uploads\/2024\/05\/artsi2-edited.jpg 1066w, https:\/\/ainoraivio.fi\/wp-content\/uploads\/2024\/05\/artsi2-edited-300x300.jpg 300w, https:\/\/ainoraivio.fi\/wp-content\/uploads\/2024\/05\/artsi2-edited-1024x1024.jpg 1024w, https:\/\/ainoraivio.fi\/wp-content\/uploads\/2024\/05\/artsi2-edited-150x150.jpg 150w, https:\/\/ainoraivio.fi\/wp-content\/uploads\/2024\/05\/artsi2-edited-768x768.jpg 768w\" sizes=\"auto, (max-width: 1066px) 100vw, 1066px\" \/><\/figure>\n\n\n\n<figure class=\"wp-block-image size-full is-resized has-custom-border\"><img loading=\"lazy\" decoding=\"async\" width=\"997\" height=\"997\" src=\"https:\/\/ainoraivio.fi\/wp-content\/uploads\/2024\/05\/artsi-1-edited.jpg\" alt=\"\" class=\"wp-image-399\" style=\"border-radius:100px;aspect-ratio:1;object-fit:cover;width:350px\" srcset=\"https:\/\/ainoraivio.fi\/wp-content\/uploads\/2024\/05\/artsi-1-edited.jpg 997w, https:\/\/ainoraivio.fi\/wp-content\/uploads\/2024\/05\/artsi-1-edited-300x300.jpg 300w, https:\/\/ainoraivio.fi\/wp-content\/uploads\/2024\/05\/artsi-1-edited-150x150.jpg 150w, https:\/\/ainoraivio.fi\/wp-content\/uploads\/2024\/05\/artsi-1-edited-768x768.jpg 768w\" sizes=\"auto, (max-width: 997px) 100vw, 997px\" \/><\/figure>\n<\/div>\n\n\n\n<div class=\"wp-block-group is-content-justification-center is-layout-flex wp-container-core-group-is-layout-b02886af wp-block-group-is-layout-flex\">\n<p class=\"has-text-align-center wp-container-content-f22b2ade\">Yp\u00e4j\u00e4lt\u00e4 valmistumisen j\u00e4lkeen l\u00e4hdin t\u00f6ihin Sveitsiin estetallille hoitamaan ja ratsastamaan hevosia, vuoden siell\u00e4 oltuani siirryin Belgiaan kouluratsastuksen maailmaan kilpailuhoitajaksi, josta j\u00e4lleen vuoden kuluttua muutin Saksaan, jossa ty\u00f6skentelinkin sitten seuraavat 6,5 vuotta Anna Blomgrenin Anna Dressage yrityksess\u00e4. Annalla ollessani opin kouluttamaan ja k\u00e4sittelem\u00e4\u00e4n hevosia, kuin my\u00f6s ratsastamaan, aivan uudella tasolla. Seurasin Annan valmennuksia mm. Monica Theodorescun, Louise Nathorstin ja Morten Thomsenin opissa, joista j\u00e4lkimm\u00e4isen valmennuksissa ratsastin itsekin. Autoin my\u00f6s Annaa kilpailuissa ja n\u00e4yt\u00f6ksiss\u00e4, ja mik\u00e4 oleellisinta, hevosten valmistelussa niit\u00e4 varten.<\/p>\n\n\n\n<figure class=\"wp-block-image size-large is-resized has-custom-border\"><img loading=\"lazy\" decoding=\"async\" width=\"2290\" height=\"1717\" src=\"https:\/\/ainoraivio.fi\/wp-content\/uploads\/2024\/05\/IMG_2123-edited.jpg\" alt=\"\" class=\"wp-image-281\" style=\"border-radius:100px;width:450px\" srcset=\"https:\/\/ainoraivio.fi\/wp-content\/uploads\/2024\/05\/IMG_2123-edited.jpg 2290w, https:\/\/ainoraivio.fi\/wp-content\/uploads\/2024\/05\/IMG_2123-edited-300x225.jpg 300w, https:\/\/ainoraivio.fi\/wp-content\/uploads\/2024\/05\/IMG_2123-edited-1024x768.jpg 1024w, https:\/\/ainoraivio.fi\/wp-content\/uploads\/2024\/05\/IMG_2123-edited-768x576.jpg 768w, https:\/\/ainoraivio.fi\/wp-content\/uploads\/2024\/05\/IMG_2123-edited-1536x1152.jpg 1536w, https:\/\/ainoraivio.fi\/wp-content\/uploads\/2024\/05\/IMG_2123-edited-2048x1536.jpg 2048w\" sizes=\"auto, (max-width: 2290px) 100vw, 2290px\" \/><\/figure>\n<\/div>\n\n\n\n<div class=\"wp-block-group is-content-justification-center is-nowrap is-layout-flex wp-container-core-group-is-layout-19a3e464 wp-block-group-is-layout-flex\">\n<figure class=\"wp-block-image size-large is-resized has-custom-border\"><img loading=\"lazy\" decoding=\"async\" width=\"2560\" height=\"2560\" src=\"https:\/\/ainoraivio.fi\/wp-content\/uploads\/2024\/05\/PXL_20240424_074007662.PORTRAIT-edited-scaled.jpg\" alt=\"\" class=\"wp-image-289\" style=\"border-radius:100px;width:350px\" srcset=\"https:\/\/ainoraivio.fi\/wp-content\/uploads\/2024\/05\/PXL_20240424_074007662.PORTRAIT-edited-scaled.jpg 2560w, https:\/\/ainoraivio.fi\/wp-content\/uploads\/2024\/05\/PXL_20240424_074007662.PORTRAIT-edited-300x300.jpg 300w, https:\/\/ainoraivio.fi\/wp-content\/uploads\/2024\/05\/PXL_20240424_074007662.PORTRAIT-edited-1024x1024.jpg 1024w, https:\/\/ainoraivio.fi\/wp-content\/uploads\/2024\/05\/PXL_20240424_074007662.PORTRAIT-edited-150x150.jpg 150w, https:\/\/ainoraivio.fi\/wp-content\/uploads\/2024\/05\/PXL_20240424_074007662.PORTRAIT-edited-768x768.jpg 768w, https:\/\/ainoraivio.fi\/wp-content\/uploads\/2024\/05\/PXL_20240424_074007662.PORTRAIT-edited-1536x1536.jpg 1536w, https:\/\/ainoraivio.fi\/wp-content\/uploads\/2024\/05\/PXL_20240424_074007662.PORTRAIT-edited-2048x2048.jpg 2048w\" sizes=\"auto, (max-width: 2560px) 100vw, 2560px\" \/><\/figure>\n\n\n\n<figure class=\"wp-block-image size-large is-resized has-custom-border\"><img loading=\"lazy\" decoding=\"async\" width=\"1200\" height=\"1200\" src=\"https:\/\/ainoraivio.fi\/wp-content\/uploads\/2024\/05\/sveitsi-edited.jpg\" alt=\"\" class=\"wp-image-286\" style=\"border-radius:100px;width:350px\" srcset=\"https:\/\/ainoraivio.fi\/wp-content\/uploads\/2024\/05\/sveitsi-edited.jpg 1200w, https:\/\/ainoraivio.fi\/wp-content\/uploads\/2024\/05\/sveitsi-edited-300x300.jpg 300w, https:\/\/ainoraivio.fi\/wp-content\/uploads\/2024\/05\/sveitsi-edited-1024x1024.jpg 1024w, https:\/\/ainoraivio.fi\/wp-content\/uploads\/2024\/05\/sveitsi-edited-150x150.jpg 150w, https:\/\/ainoraivio.fi\/wp-content\/uploads\/2024\/05\/sveitsi-edited-768x768.jpg 768w\" sizes=\"auto, (max-width: 1200px) 100vw, 1200px\" \/><\/figure>\n\n\n\n<figure class=\"wp-block-image size-full is-resized has-custom-border\"><img loading=\"lazy\" decoding=\"async\" width=\"720\" height=\"720\" src=\"https:\/\/ainoraivio.fi\/wp-content\/uploads\/2024\/05\/doha-edited.jpg\" alt=\"\" class=\"wp-image-287\" style=\"border-radius:100px;width:350px\" srcset=\"https:\/\/ainoraivio.fi\/wp-content\/uploads\/2024\/05\/doha-edited.jpg 720w, https:\/\/ainoraivio.fi\/wp-content\/uploads\/2024\/05\/doha-edited-300x300.jpg 300w, https:\/\/ainoraivio.fi\/wp-content\/uploads\/2024\/05\/doha-edited-150x150.jpg 150w\" sizes=\"auto, (max-width: 720px) 100vw, 720px\" \/><\/figure>\n<\/div>\n\n\n\n<div class=\"wp-block-group is-content-justification-center is-layout-flex wp-container-core-group-is-layout-b02886af wp-block-group-is-layout-flex\">\n<figure class=\"wp-block-image size-large is-resized has-custom-border\"><img loading=\"lazy\" decoding=\"async\" width=\"1066\" height=\"800\" src=\"https:\/\/ainoraivio.fi\/wp-content\/uploads\/2024\/05\/15-73-edited.jpg\" alt=\"\" class=\"wp-image-293\" style=\"border-radius:100px;width:450px\" srcset=\"https:\/\/ainoraivio.fi\/wp-content\/uploads\/2024\/05\/15-73-edited.jpg 1066w, https:\/\/ainoraivio.fi\/wp-content\/uploads\/2024\/05\/15-73-edited-300x225.jpg 300w, https:\/\/ainoraivio.fi\/wp-content\/uploads\/2024\/05\/15-73-edited-1024x768.jpg 1024w, https:\/\/ainoraivio.fi\/wp-content\/uploads\/2024\/05\/15-73-edited-768x576.jpg 768w\" sizes=\"auto, (max-width: 1066px) 100vw, 1066px\" \/><\/figure>\n\n\n\n<p class=\"has-text-align-center wp-container-content-f22b2ade\">Saksassa minulla oli kaiken aikaa 1-2 hevosta itsell\u00e4ni ratsastettavana. Tarkoitukseni oli kilpailla paljonkin, mutta valitettavasti hevosten ja v\u00e4lill\u00e4 omienkin terveyshuolien takia kisaaminen j\u00e4i v\u00e4hemm\u00e4lle. Kotitreeneiss\u00e4 kuitenkin koulutin hevosiani kohti korkeimman tason luokkia, ja opin rakentamaan kouluratsun alkeista Grand Prixin teht\u00e4viin saakka. Vapaa-ajallani my\u00f6s valmensin harrastuksena valmennustaitojani yll\u00e4pit\u00e4\u00e4kseni yst\u00e4vi\u00e4ni heid\u00e4n hevostensa kanssa.<\/p>\n<\/div>\n\n\n\n<div class=\"wp-block-group is-content-justification-center is-nowrap is-layout-flex wp-container-core-group-is-layout-19a3e464 wp-block-group-is-layout-flex\">\n<figure class=\"wp-block-image size-large is-resized has-custom-border\"><img loading=\"lazy\" decoding=\"async\" width=\"2560\" height=\"2560\" src=\"https:\/\/ainoraivio.fi\/wp-content\/uploads\/2024\/05\/IMG_1249-edited-scaled.jpg\" alt=\"\" class=\"wp-image-295\" style=\"border-radius:100px;width:350px\" srcset=\"https:\/\/ainoraivio.fi\/wp-content\/uploads\/2024\/05\/IMG_1249-edited-scaled.jpg 2560w, https:\/\/ainoraivio.fi\/wp-content\/uploads\/2024\/05\/IMG_1249-edited-300x300.jpg 300w, https:\/\/ainoraivio.fi\/wp-content\/uploads\/2024\/05\/IMG_1249-edited-1024x1024.jpg 1024w, https:\/\/ainoraivio.fi\/wp-content\/uploads\/2024\/05\/IMG_1249-edited-150x150.jpg 150w, https:\/\/ainoraivio.fi\/wp-content\/uploads\/2024\/05\/IMG_1249-edited-768x768.jpg 768w, https:\/\/ainoraivio.fi\/wp-content\/uploads\/2024\/05\/IMG_1249-edited-1536x1536.jpg 1536w, https:\/\/ainoraivio.fi\/wp-content\/uploads\/2024\/05\/IMG_1249-edited-2048x2048.jpg 2048w\" sizes=\"auto, (max-width: 2560px) 100vw, 2560px\" \/><\/figure>\n\n\n\n<figure class=\"wp-block-image size-full is-resized has-custom-border\"><img loading=\"lazy\" decoding=\"async\" width=\"945\" height=\"945\" src=\"https:\/\/ainoraivio.fi\/wp-content\/uploads\/2024\/05\/q.png\" alt=\"\" class=\"wp-image-296\" style=\"border-radius:100px;aspect-ratio:1;object-fit:cover;width:350px\" srcset=\"https:\/\/ainoraivio.fi\/wp-content\/uploads\/2024\/05\/q.png 945w, https:\/\/ainoraivio.fi\/wp-content\/uploads\/2024\/05\/q-300x300.png 300w, https:\/\/ainoraivio.fi\/wp-content\/uploads\/2024\/05\/q-150x150.png 150w, https:\/\/ainoraivio.fi\/wp-content\/uploads\/2024\/05\/q-768x768.png 768w\" sizes=\"auto, (max-width: 945px) 100vw, 945px\" \/><\/figure>\n\n\n\n<figure class=\"wp-block-image size-full is-resized has-custom-border\"><img loading=\"lazy\" decoding=\"async\" width=\"945\" height=\"945\" src=\"https:\/\/ainoraivio.fi\/wp-content\/uploads\/2024\/05\/katsa.png\" alt=\"\" class=\"wp-image-297\" style=\"border-radius:100px;aspect-ratio:1;object-fit:cover;width:350px\" srcset=\"https:\/\/ainoraivio.fi\/wp-content\/uploads\/2024\/05\/katsa.png 945w, https:\/\/ainoraivio.fi\/wp-content\/uploads\/2024\/05\/katsa-300x300.png 300w, https:\/\/ainoraivio.fi\/wp-content\/uploads\/2024\/05\/katsa-150x150.png 150w, https:\/\/ainoraivio.fi\/wp-content\/uploads\/2024\/05\/katsa-768x768.png 768w\" sizes=\"auto, (max-width: 945px) 100vw, 945px\" \/><\/figure>\n<\/div>\n\n\n\n<div class=\"wp-block-group has-global-padding is-layout-constrained wp-container-core-group-is-layout-1c2ac5aa wp-block-group-is-layout-constrained\">\n<div class=\"wp-block-group is-layout-flex wp-block-group-is-layout-flex\">\n<p class=\"has-text-align-center wp-container-content-f22b2ade\">Takaisin Suomeen muutin toukokuussa 2024, joten matkani yritt\u00e4j\u00e4n\u00e4 on vasta alussa. Tavoitteenani on l\u00f6yt\u00e4\u00e4 innokkaita asiakkaita ja yhteisty\u00f6kumppaneita, joiden kanssa jakaa tietojani ja taitojani hevosten kouluttamisesta, ratsastamisesta ja hyvinvoinnin edist\u00e4misest\u00e4, jotta sek\u00e4 meill\u00e4 ihmisill\u00e4 kuin my\u00f6s hevosilla olisi hyv\u00e4 olla!<\/p>\n\n\n\n<figure class=\"wp-block-image size-full is-resized has-custom-border\"><img loading=\"lazy\" decoding=\"async\" width=\"745\" height=\"993\" src=\"https:\/\/ainoraivio.fi\/wp-content\/uploads\/2024\/05\/bianca.jpg\" alt=\"\" class=\"wp-image-298\" style=\"border-radius:100px;width:350px\" srcset=\"https:\/\/ainoraivio.fi\/wp-content\/uploads\/2024\/05\/bianca.jpg 745w, https:\/\/ainoraivio.fi\/wp-content\/uploads\/2024\/05\/bianca-225x300.jpg 225w\" sizes=\"auto, (max-width: 745px) 100vw, 745px\" \/><\/figure>\n<\/div>\n\n\n\n<p class=\"has-text-align-center\"> Vapaa-ajalla touhuan Bianca-bordercollien kanssa, luen kirjoja ja nautin taiteesta ja Suomen luonnosta.<\/p>\n<\/div>\n<\/div>\n","protected":false},"excerpt":{"rendered":"<p>Hevoset ovat olleet el\u00e4m\u00e4ni keskipiste lapsesta saakka. Aloitin hevostelun 9-vuotiaana islanninhevosilla Teijan Tallilla (nykyisin talli Furuvatni) Pet\u00e4j\u00e4vedell\u00e4, ja p\u00e4\u00e4sin heti alusta alkaen oppimaan monipuolisesti hevosista ja niiden hyvinvoinnista. Olen edelleen onnellinen siit\u00e4, ett\u00e4 alkutaipaleeni hevosten kanssa oli niin hyv\u00e4ll\u00e4 tallilla, jossa oikesti v\u00e4litettiin siit\u00e4, mit\u00e4 hevosille kuuluu. V\u00e4h\u00e4n vanhempana vuokrasin my\u00f6s useita hevosia joiden kanssa [&hellip;]<\/p>\n","protected":false},"author":1,"featured_media":0,"parent":28,"menu_order":0,"comment_status":"closed","ping_status":"closed","template":"toimivasuomisivu","meta":{"footnotes":""},"class_list":["post-14","page","type-page","status-publish","hentry"],"_links":{"self":[{"href":"https:\/\/ainoraivio.fi\/index.php\/wp-json\/wp\/v2\/pages\/14","targetHints":{"allow":["GET"]}}],"collection":[{"href":"https:\/\/ainoraivio.fi\/index.php\/wp-json\/wp\/v2\/pages"}],"about":[{"href":"https:\/\/ainoraivio.fi\/index.php\/wp-json\/wp\/v2\/types\/page"}],"author":[{"embeddable":true,"href":"https:\/\/ainoraivio.fi\/index.php\/wp-json\/wp\/v2\/users\/1"}],"replies":[{"embeddable":true,"href":"https:\/\/ainoraivio.fi\/index.php\/wp-json\/wp\/v2\/comments?post=14"}],"version-history":[{"count":28,"href":"https:\/\/ainoraivio.fi\/index.php\/wp-json\/wp\/v2\/pages\/14\/revisions"}],"predecessor-version":[{"id":484,"href":"https:\/\/ainoraivio.fi\/index.php\/wp-json\/wp\/v2\/pages\/14\/revisions\/484"}],"up":[{"embeddable":true,"href":"https:\/\/ainoraivio.fi\/index.php\/wp-json\/wp\/v2\/pages\/28"}],"wp:attachment":[{"href":"https:\/\/ainoraivio.fi\/index.php\/wp-json\/wp\/v2\/media?parent=14"}],"curies":[{"name":"wp","href":"https:\/\/api.w.org\/{rel}","templated":true}]}}